{"id":40,"date":"2023-03-09T19:39:45","date_gmt":"2023-03-09T19:39:45","guid":{"rendered":"http:\/\/scorpioncouture.local\/?page_id=36"},"modified":"2023-04-17T22:49:37","modified_gmt":"2023-04-17T20:49:37","slug":"creation-sur-mesure","status":"publish","type":"page","link":"https:\/\/scorpioncouture.fr\/?page_id=40","title":{"rendered":"Cr\u00e9ation sur-mesure"},"content":{"rendered":"\t\t<div data-elementor-type=\"wp-page\" data-elementor-id=\"40\" class=\"elementor elementor-40\">\n\t\t\t\t\t\t\t\t\t<section class=\"elementor-section elementor-top-section elementor-element elementor-element-7c677ae elementor-section-boxed elementor-section-height-default elementor-section-height-default\" data-id=\"7c677ae\" data-element_type=\"section\">\n\t\t\t\t\t\t<div class=\"elementor-container elementor-column-gap-default\">\n\t\t\t\t\t<div class=\"elementor-column elementor-col-100 elementor-top-column elementor-element elementor-element-26c4ef4\" data-id=\"26c4ef4\" data-element_type=\"column\">\n\t\t\t<div class=\"elementor-widget-wrap elementor-element-populated\">\n\t\t\t\t\t\t\t\t<div class=\"elementor-element elementor-element-7fe75c8 elementor-widget elementor-widget-image\" data-id=\"7fe75c8\" data-element_type=\"widget\" data-widget_type=\"image.default\">\n\t\t\t\t<div class=\"elementor-widget-container\">\n\t\t\t<style>\/*! elementor - v3.16.0 - 13-09-2023 *\/\n.elementor-widget-image{text-align:center}.elementor-widget-image a{display:inline-block}.elementor-widget-image a img[src$=\".svg\"]{width:48px}.elementor-widget-image img{vertical-align:middle;display:inline-block}<\/style>\t\t\t\t\t\t\t\t\t\t\t\t<img decoding=\"async\" width=\"1024\" height=\"819\" src=\"https:\/\/scorpioncouture.fr\/wp-content\/uploads\/2023\/04\/Sans-titre-9-1024x819.png\" class=\"attachment-large size-large wp-image-837\" alt=\"\" loading=\"lazy\" srcset=\"https:\/\/scorpioncouture.fr\/wp-content\/uploads\/2023\/04\/Sans-titre-9-1024x819.png 1024w, https:\/\/scorpioncouture.fr\/wp-content\/uploads\/2023\/04\/Sans-titre-9-300x240.png 300w, https:\/\/scorpioncouture.fr\/wp-content\/uploads\/2023\/04\/Sans-titre-9-768x614.png 768w, https:\/\/scorpioncouture.fr\/wp-content\/uploads\/2023\/04\/Sans-titre-9-1536x1229.png 1536w, https:\/\/scorpioncouture.fr\/wp-content\/uploads\/2023\/04\/Sans-titre-9.png 2000w\" sizes=\"(max-width: 1024px) 100vw, 1024px\" \/>\t\t\t\t\t\t\t\t\t\t\t\t\t\t\t<\/div>\n\t\t\t\t<\/div>\n\t\t\t\t\t<\/div>\n\t\t<\/div>\n\t\t\t\t\t\t\t<\/div>\n\t\t<\/section>\n\t\t\t\t<section class=\"elementor-section elementor-top-section elementor-element elementor-element-75613331 elementor-section-boxed elementor-section-height-default elementor-section-height-default\" data-id=\"75613331\" data-element_type=\"section\">\n\t\t\t\t\t\t<div class=\"elementor-container elementor-column-gap-default\">\n\t\t\t\t\t<div class=\"elementor-column elementor-col-100 elementor-top-column elementor-element elementor-element-4758751c\" data-id=\"4758751c\" data-element_type=\"column\">\n\t\t\t<div class=\"elementor-widget-wrap elementor-element-populated\">\n\t\t\t\t\t\t\t\t<div class=\"elementor-element elementor-element-856817d elementor-widget elementor-widget-heading\" data-id=\"856817d\" data-element_type=\"widget\" data-widget_type=\"heading.default\">\n\t\t\t\t<div class=\"elementor-widget-container\">\n\t\t\t<style>\/*! elementor - v3.16.0 - 13-09-2023 *\/\n.elementor-heading-title{padding:0;margin:0;line-height:1}.elementor-widget-heading .elementor-heading-title[class*=elementor-size-]>a{color:inherit;font-size:inherit;line-height:inherit}.elementor-widget-heading .elementor-heading-title.elementor-size-small{font-size:15px}.elementor-widget-heading .elementor-heading-title.elementor-size-medium{font-size:19px}.elementor-widget-heading .elementor-heading-title.elementor-size-large{font-size:29px}.elementor-widget-heading .elementor-heading-title.elementor-size-xl{font-size:39px}.elementor-widget-heading .elementor-heading-title.elementor-size-xxl{font-size:59px}<\/style><h2 class=\"elementor-heading-title elementor-size-default\"><a href=\"#sur\">V\u00eatement femme, homme, enfant \/ Accessoires \/ Ameublement<\/a><\/h2>\t\t<\/div>\n\t\t\t\t<\/div>\n\t\t\t\t<div class=\"elementor-element elementor-element-7c50e73 elementor-widget elementor-widget-text-editor\" data-id=\"7c50e73\" data-element_type=\"widget\" data-widget_type=\"text-editor.default\">\n\t\t\t\t<div class=\"elementor-widget-container\">\n\t\t\t<style>\/*! elementor - v3.16.0 - 13-09-2023 *\/\n.elementor-widget-text-editor.elementor-drop-cap-view-stacked .elementor-drop-cap{background-color:#69727d;color:#fff}.elementor-widget-text-editor.elementor-drop-cap-view-framed .elementor-drop-cap{color:#69727d;border:3px solid;background-color:transparent}.elementor-widget-text-editor:not(.elementor-drop-cap-view-default) .elementor-drop-cap{margin-top:8px}.elementor-widget-text-editor:not(.elementor-drop-cap-view-default) .elementor-drop-cap-letter{width:1em;height:1em}.elementor-widget-text-editor .elementor-drop-cap{float:left;text-align:center;line-height:1;font-size:50px}.elementor-widget-text-editor .elementor-drop-cap-letter{display:inline-block}<\/style>\t\t\t\t<p>Le sur-mesure permet d&rsquo;avoir :\u00a0<\/p><p>&#8211; des conseils personnalis\u00e9s;\u00a0<\/p><p>&#8211; une cr\u00e9ation qui refl\u00e8te votre personnalit\u00e9;\u00a0<\/p><p>&#8211; une confection qui s&rsquo;adapte parfaitement \u00e0 vos besoins, votre morphologie et vos particularit\u00e9s physiques ou sensorielles.<\/p>\t\t\t\t\t\t<\/div>\n\t\t\t\t<\/div>\n\t\t\t\t<div class=\"elementor-element elementor-element-784e654 elementor-arrows-position-inside elementor-widget elementor-widget-image-carousel\" data-id=\"784e654\" data-element_type=\"widget\" data-settings=\"{&quot;slides_to_show&quot;:&quot;1&quot;,&quot;navigation&quot;:&quot;arrows&quot;,&quot;autoplay&quot;:&quot;yes&quot;,&quot;pause_on_hover&quot;:&quot;yes&quot;,&quot;pause_on_interaction&quot;:&quot;yes&quot;,&quot;autoplay_speed&quot;:5000,&quot;infinite&quot;:&quot;yes&quot;,&quot;effect&quot;:&quot;slide&quot;,&quot;speed&quot;:500}\" data-widget_type=\"image-carousel.default\">\n\t\t\t\t<div class=\"elementor-widget-container\">\n\t\t\t<style>\/*! elementor - v3.16.0 - 13-09-2023 *\/\n.elementor-widget-image-carousel .swiper,.elementor-widget-image-carousel .swiper-container{position:static}.elementor-widget-image-carousel .swiper-container .swiper-slide figure,.elementor-widget-image-carousel .swiper .swiper-slide figure{line-height:inherit}.elementor-widget-image-carousel .swiper-slide{text-align:center}.elementor-image-carousel-wrapper:not(.swiper-container-initialized):not(.swiper-initialized) .swiper-slide{max-width:calc(100% \/ var(--e-image-carousel-slides-to-show, 3))}<\/style>\t\t<div class=\"elementor-image-carousel-wrapper swiper\" dir=\"ltr\">\n\t\t\t<div class=\"elementor-image-carousel swiper-wrapper\" aria-live=\"off\">\n\t\t\t\t\t\t\t\t<div class=\"swiper-slide\" role=\"group\" aria-roledescription=\"slide\" aria-label=\"1 sur 17\"><figure class=\"swiper-slide-inner\"><img decoding=\"async\" class=\"swiper-slide-image\" src=\"https:\/\/scorpioncouture.fr\/wp-content\/uploads\/2023\/04\/PhotoRoom-20230317_122858-PhotoRoom-1-e1680675417456-300x289.png\" alt=\"PhotoRoom-20230317_122858-PhotoRoom (1)\" \/><\/figure><\/div><div class=\"swiper-slide\" role=\"group\" aria-roledescription=\"slide\" aria-label=\"2 sur 17\"><figure class=\"swiper-slide-inner\"><img decoding=\"async\" class=\"swiper-slide-image\" src=\"https:\/\/scorpioncouture.fr\/wp-content\/uploads\/2023\/04\/PhotoRoom-20230317_122858-PhotoRoom-e1680675438203-300x276.png\" alt=\"PhotoRoom-20230317_122858-PhotoRoom\" \/><\/figure><\/div><div class=\"swiper-slide\" role=\"group\" aria-roledescription=\"slide\" aria-label=\"3 sur 17\"><figure class=\"swiper-slide-inner\"><img decoding=\"async\" class=\"swiper-slide-image\" src=\"https:\/\/scorpioncouture.fr\/wp-content\/uploads\/2023\/04\/PhotoRoom-20230317_124856-PhotoRoom-1-225x300.png\" alt=\"PhotoRoom-20230317_124856-PhotoRoom (1)\" \/><\/figure><\/div><div class=\"swiper-slide\" role=\"group\" aria-roledescription=\"slide\" aria-label=\"4 sur 17\"><figure class=\"swiper-slide-inner\"><img decoding=\"async\" class=\"swiper-slide-image\" src=\"https:\/\/scorpioncouture.fr\/wp-content\/uploads\/2023\/04\/PhotoRoom-20230317_124856-PhotoRoom-2-e1680675457474-270x300.png\" alt=\"PhotoRoom-20230317_124856-PhotoRoom (2)\" \/><\/figure><\/div><div class=\"swiper-slide\" role=\"group\" aria-roledescription=\"slide\" aria-label=\"5 sur 17\"><figure class=\"swiper-slide-inner\"><img decoding=\"async\" class=\"swiper-slide-image\" src=\"https:\/\/scorpioncouture.fr\/wp-content\/uploads\/2023\/04\/PhotoRoom-20230317_124856-PhotoRoom-3-e1680675589998-184x300.png\" alt=\"PhotoRoom-20230317_124856-PhotoRoom (3)\" \/><\/figure><\/div><div class=\"swiper-slide\" role=\"group\" aria-roledescription=\"slide\" aria-label=\"6 sur 17\"><figure class=\"swiper-slide-inner\"><img decoding=\"async\" class=\"swiper-slide-image\" src=\"https:\/\/scorpioncouture.fr\/wp-content\/uploads\/2023\/04\/PhotoRoom-20230317_124856-PhotoRoom-4-e1680675610737-250x300.png\" alt=\"PhotoRoom-20230317_124856-PhotoRoom (4)\" \/><\/figure><\/div><div class=\"swiper-slide\" role=\"group\" aria-roledescription=\"slide\" aria-label=\"7 sur 17\"><figure class=\"swiper-slide-inner\"><img decoding=\"async\" class=\"swiper-slide-image\" src=\"https:\/\/scorpioncouture.fr\/wp-content\/uploads\/2023\/04\/PhotoRoom-20230317_124856-PhotoRoom-5-e1680675565941-248x300.png\" alt=\"PhotoRoom-20230317_124856-PhotoRoom (5)\" \/><\/figure><\/div><div class=\"swiper-slide\" role=\"group\" aria-roledescription=\"slide\" aria-label=\"8 sur 17\"><figure class=\"swiper-slide-inner\"><img decoding=\"async\" class=\"swiper-slide-image\" src=\"https:\/\/scorpioncouture.fr\/wp-content\/uploads\/2023\/04\/PhotoRoom-20230317_124856-PhotoRoom-6-e1680675644412-246x300.png\" alt=\"PhotoRoom-20230317_124856-PhotoRoom (6)\" \/><\/figure><\/div><div class=\"swiper-slide\" role=\"group\" aria-roledescription=\"slide\" aria-label=\"9 sur 17\"><figure class=\"swiper-slide-inner\"><img decoding=\"async\" class=\"swiper-slide-image\" src=\"https:\/\/scorpioncouture.fr\/wp-content\/uploads\/2023\/04\/PhotoRoom-20230317_124856-PhotoRoom-7-e1680675674993-231x300.png\" alt=\"PhotoRoom-20230317_124856-PhotoRoom (7)\" \/><\/figure><\/div><div class=\"swiper-slide\" role=\"group\" aria-roledescription=\"slide\" aria-label=\"10 sur 17\"><figure class=\"swiper-slide-inner\"><img decoding=\"async\" class=\"swiper-slide-image\" src=\"https:\/\/scorpioncouture.fr\/wp-content\/uploads\/2023\/04\/PhotoRoom-20230317_124856-PhotoRoom-e1680675699904-215x300.png\" alt=\"PhotoRoom-20230317_124856-PhotoRoom\" \/><\/figure><\/div><div class=\"swiper-slide\" role=\"group\" aria-roledescription=\"slide\" aria-label=\"11 sur 17\"><figure class=\"swiper-slide-inner\"><img decoding=\"async\" class=\"swiper-slide-image\" src=\"https:\/\/scorpioncouture.fr\/wp-content\/uploads\/2023\/04\/PhotoRoom-20230319_131736-2-225x300.png\" alt=\"PhotoRoom-20230319_131736 (2)\" \/><\/figure><\/div><div class=\"swiper-slide\" role=\"group\" aria-roledescription=\"slide\" aria-label=\"12 sur 17\"><figure class=\"swiper-slide-inner\"><img decoding=\"async\" class=\"swiper-slide-image\" src=\"https:\/\/scorpioncouture.fr\/wp-content\/uploads\/2023\/04\/PhotoRoom-20230319_133717-PhotoRoom-3-e1680675751499-238x300.png\" alt=\"PhotoRoom-20230319_133717-PhotoRoom (3)\" \/><\/figure><\/div><div class=\"swiper-slide\" role=\"group\" aria-roledescription=\"slide\" aria-label=\"13 sur 17\"><figure class=\"swiper-slide-inner\"><img decoding=\"async\" class=\"swiper-slide-image\" src=\"https:\/\/scorpioncouture.fr\/wp-content\/uploads\/2023\/04\/PhotoRoom-20230319_133717-PhotoRoom-5-e1680675773202-246x300.png\" alt=\"PhotoRoom-20230319_133717-PhotoRoom (5)\" \/><\/figure><\/div><div class=\"swiper-slide\" role=\"group\" aria-roledescription=\"slide\" aria-label=\"14 sur 17\"><figure class=\"swiper-slide-inner\"><img decoding=\"async\" class=\"swiper-slide-image\" src=\"https:\/\/scorpioncouture.fr\/wp-content\/uploads\/2023\/04\/PhotoRoom-20230319_133717-PhotoRoom-6-e1680675794184-238x300.png\" alt=\"PhotoRoom-20230319_133717-PhotoRoom (6)\" \/><\/figure><\/div><div class=\"swiper-slide\" role=\"group\" aria-roledescription=\"slide\" aria-label=\"15 sur 17\"><figure class=\"swiper-slide-inner\"><img decoding=\"async\" class=\"swiper-slide-image\" src=\"https:\/\/scorpioncouture.fr\/wp-content\/uploads\/2023\/04\/PhotoRoom-20230319_133717-PhotoRoom-7-e1680675818461-237x300.png\" alt=\"PhotoRoom-20230319_133717-PhotoRoom (7)\" \/><\/figure><\/div><div class=\"swiper-slide\" role=\"group\" aria-roledescription=\"slide\" aria-label=\"16 sur 17\"><figure class=\"swiper-slide-inner\"><img decoding=\"async\" class=\"swiper-slide-image\" src=\"https:\/\/scorpioncouture.fr\/wp-content\/uploads\/2023\/04\/PhotoRoom-20230319_133717-PhotoRoom-8-e1680675849533-231x300.png\" alt=\"PhotoRoom-20230319_133717-PhotoRoom (8)\" \/><\/figure><\/div><div class=\"swiper-slide\" role=\"group\" aria-roledescription=\"slide\" aria-label=\"17 sur 17\"><figure class=\"swiper-slide-inner\"><img decoding=\"async\" class=\"swiper-slide-image\" src=\"https:\/\/scorpioncouture.fr\/wp-content\/uploads\/2023\/04\/PhotoRoom-20230319_133717-PhotoRoom-225x300.png\" alt=\"PhotoRoom-20230319_133717-PhotoRoom\" \/><\/figure><\/div>\t\t\t<\/div>\n\t\t\t\t\t\t\t\t\t\t\t\t<div class=\"elementor-swiper-button elementor-swiper-button-prev\" role=\"button\" tabindex=\"0\">\n\t\t\t\t\t\t<i aria-hidden=\"true\" class=\"eicon-chevron-left\"><\/i>\t\t\t\t\t<\/div>\n\t\t\t\t\t<div class=\"elementor-swiper-button elementor-swiper-button-next\" role=\"button\" tabindex=\"0\">\n\t\t\t\t\t\t<i aria-hidden=\"true\" class=\"eicon-chevron-right\"><\/i>\t\t\t\t\t<\/div>\n\t\t\t\t\n\t\t\t\t\t\t\t\t\t<\/div>\n\t\t\t\t<\/div>\n\t\t\t\t<\/div>\n\t\t\t\t<div class=\"elementor-element elementor-element-646802b7 elementor-widget elementor-widget-text-editor\" data-id=\"646802b7\" data-element_type=\"widget\" data-widget_type=\"text-editor.default\">\n\t\t\t\t<div class=\"elementor-widget-container\">\n\t\t\t\t\t\t\t<p>Imaginez des v\u00eatements cousus dans un atelier local, adapt\u00e9s \u00e0 votre budget.&nbsp;<\/p>\n<p>Ils seront r\u00e9alis\u00e9s avec le plus possible de mat\u00e9riaux de qualit\u00e9 ou recycl\u00e9s. Cela permet de lutter contre la fast fashion (g\u00e2chis de textile) avec des v\u00eatements plus durables.<\/p>\n<p>Plus besoin de perdre son temps et son \u00e9nergie dans les magasins&nbsp;<span style=\"font-size: 20px;\">je me d\u00e9place \u00e0 votre domicile<\/span><\/p>\t\t\t\t\t\t<\/div>\n\t\t\t\t<\/div>\n\t\t\t\t\t<\/div>\n\t\t<\/div>\n\t\t\t\t\t\t\t<\/div>\n\t\t<\/section>\n\t\t\t\t<section class=\"elementor-section elementor-top-section elementor-element elementor-element-2e42b9f elementor-section-boxed elementor-section-height-default elementor-section-height-default\" data-id=\"2e42b9f\" data-element_type=\"section\">\n\t\t\t\t\t\t<div class=\"elementor-container elementor-column-gap-default\">\n\t\t\t\t\t<div class=\"elementor-column elementor-col-100 elementor-top-column elementor-element elementor-element-10a0221\" data-id=\"10a0221\" data-element_type=\"column\">\n\t\t\t<div class=\"elementor-widget-wrap elementor-element-populated\">\n\t\t\t\t\t\t\t\t<div class=\"elementor-element elementor-element-2ba7330 elementor-widget elementor-widget-text-editor\" data-id=\"2ba7330\" data-element_type=\"widget\" data-widget_type=\"text-editor.default\">\n\t\t\t\t<div class=\"elementor-widget-container\">\n\t\t\t\t\t\t\t<p>Vous pouvez vous faire une id\u00e9e des tarifs<\/p>\t\t\t\t\t\t<\/div>\n\t\t\t\t<\/div>\n\t\t\t\t\t<\/div>\n\t\t<\/div>\n\t\t\t\t\t\t\t<\/div>\n\t\t<\/section>\n\t\t\t\t<section class=\"elementor-section elementor-top-section elementor-element elementor-element-cb56595 elementor-section-boxed elementor-section-height-default elementor-section-height-default\" data-id=\"cb56595\" data-element_type=\"section\">\n\t\t\t\t\t\t<div class=\"elementor-container elementor-column-gap-default\">\n\t\t\t\t\t<div class=\"elementor-column elementor-col-100 elementor-top-column elementor-element elementor-element-89a9eaa\" data-id=\"89a9eaa\" data-element_type=\"column\">\n\t\t\t<div class=\"elementor-widget-wrap elementor-element-populated\">\n\t\t\t\t\t\t\t\t<div class=\"elementor-element elementor-element-3e984b5 elementor-icon-list--layout-traditional elementor-list-item-link-full_width elementor-widget elementor-widget-icon-list\" data-id=\"3e984b5\" data-element_type=\"widget\" data-widget_type=\"icon-list.default\">\n\t\t\t\t<div class=\"elementor-widget-container\">\n\t\t\t<link rel=\"stylesheet\" href=\"https:\/\/scorpioncouture.fr\/wp-content\/plugins\/elementor\/assets\/css\/widget-icon-list.min.css\">\t\t<ul class=\"elementor-icon-list-items\">\n\t\t\t\t\t\t\t<li class=\"elementor-icon-list-item\">\n\t\t\t\t\t\t\t\t\t\t\t<a href=\"https:\/\/scorpioncouture.fr\/?page_id=37\">\n\n\t\t\t\t\t\t\t\t\t\t\t\t<span class=\"elementor-icon-list-icon\">\n\t\t\t\t\t\t\t<i aria-hidden=\"true\" class=\"far fa-hand-point-right\"><\/i>\t\t\t\t\t\t<\/span>\n\t\t\t\t\t\t\t\t\t\t<span class=\"elementor-icon-list-text\">par ici<\/span>\n\t\t\t\t\t\t\t\t\t\t\t<\/a>\n\t\t\t\t\t\t\t\t\t<\/li>\n\t\t\t\t\t\t<\/ul>\n\t\t\t\t<\/div>\n\t\t\t\t<\/div>\n\t\t\t\t<div class=\"elementor-element elementor-element-ae3b3bd elementor-widget elementor-widget-text-editor\" data-id=\"ae3b3bd\" data-element_type=\"widget\" data-widget_type=\"text-editor.default\">\n\t\t\t\t<div class=\"elementor-widget-container\">\n\t\t\t\t\t\t\t<p>Si vous voulez prendre rendez-vous ou demander un devis<\/p>\t\t\t\t\t\t<\/div>\n\t\t\t\t<\/div>\n\t\t\t\t<div class=\"elementor-element elementor-element-ed0b51d elementor-align-center elementor-widget elementor-widget-button\" data-id=\"ed0b51d\" data-element_type=\"widget\" data-widget_type=\"button.default\">\n\t\t\t\t<div class=\"elementor-widget-container\">\n\t\t\t\t\t<div class=\"elementor-button-wrapper\">\n\t\t\t<a class=\"elementor-button elementor-button-link elementor-size-lg\" href=\"#\">\n\t\t\t\t\t\t<span class=\"elementor-button-content-wrapper\">\n\t\t\t\t\t\t<span class=\"elementor-button-icon elementor-align-icon-left\">\n\t\t\t\t<i aria-hidden=\"true\" class=\"far fa-comments\"><\/i>\t\t\t<\/span>\n\t\t\t\t\t\t<span class=\"elementor-button-text\">Contactez moi<\/span>\n\t\t<\/span>\n\t\t\t\t\t<\/a>\n\t\t<\/div>\n\t\t\t\t<\/div>\n\t\t\t\t<\/div>\n\t\t\t\t\t<\/div>\n\t\t<\/div>\n\t\t\t\t\t\t\t<\/div>\n\t\t<\/section>\n\t\t\t\t\t\t\t<\/div>\n\t\t","protected":false},"excerpt":{"rendered":"<p>V\u00eatement femme, homme, enfant \/ Accessoires \/ Ameublement Le sur-mesure permet d&rsquo;avoir :&nbsp; &#8211; des conseils personnalis\u00e9s;&nbsp; &#8211; une cr\u00e9ation qui refl\u00e8te votre personnalit\u00e9;&nbsp; &#8211; une confection qui s&rsquo;adapte parfaitement \u00e0 vos besoins, votre morphologie et vos particularit\u00e9s physiques ou sensorielles. Pr\u00e9c\u00e9dent Suivant Imaginez des v\u00eatements cousus dans un atelier local, adapt\u00e9s \u00e0 votre budget.&nbsp; [&hellip;]<\/p>\n","protected":false},"author":1,"featured_media":0,"parent":0,"menu_order":0,"comment_status":"closed","ping_status":"closed","template":"","meta":{"om_disable_all_campaigns":false,"_monsterinsights_skip_tracking":false,"_monsterinsights_sitenote_active":false,"_monsterinsights_sitenote_note":"","_monsterinsights_sitenote_category":0},"yoast_head":"<!-- This site is optimized with the Yoast SEO plugin v21.1 - https:\/\/yoast.com\/wordpress\/plugins\/seo\/ -->\n<title>Cr\u00e9ations sur mesure<\/title>\n<meta name=\"description\" content=\"V\u00eatement femme, homme, enfant \/ Accessoires \/ Ameublement. Une envie de v\u00eatements qui vous correspondent? Demandez un devis.\" \/>\n<meta name=\"robots\" content=\"index, follow, max-snippet:-1, max-image-preview:large, max-video-preview:-1\" \/>\n<link rel=\"canonical\" href=\"https:\/\/scorpioncouture.fr\/?page_id=40\" \/>\n<meta property=\"og:locale\" content=\"fr_FR\" \/>\n<meta property=\"og:type\" content=\"article\" \/>\n<meta property=\"og:title\" content=\"Cr\u00e9ations sur mesure\" \/>\n<meta property=\"og:description\" content=\"V\u00eatement femme, homme, enfant \/ Accessoires \/ Ameublement. Une envie de v\u00eatements qui vous correspondent? Demandez un devis.\" \/>\n<meta property=\"og:url\" content=\"https:\/\/scorpioncouture.fr\/?page_id=40\" \/>\n<meta property=\"og:site_name\" content=\"scorpioncouture.fr\" \/>\n<meta property=\"article:publisher\" content=\"https:\/\/www.facebook.com\/profile.php?id=100090969084416\" \/>\n<meta property=\"article:modified_time\" content=\"2023-04-17T20:49:37+00:00\" \/>\n<meta property=\"og:image\" content=\"http:\/\/scorpioncouture.fr\/wp-content\/uploads\/2023\/04\/Sans-titre-9-1024x819.png\" \/>\n<meta name=\"twitter:card\" content=\"summary_large_image\" \/>\n<meta name=\"twitter:label1\" content=\"Dur\u00e9e de lecture estim\u00e9e\" \/>\n\t<meta name=\"twitter:data1\" content=\"5 minutes\" \/>\n<script type=\"application\/ld+json\" class=\"yoast-schema-graph\">{\"@context\":\"https:\/\/schema.org\",\"@graph\":[{\"@type\":\"WebPage\",\"@id\":\"https:\/\/scorpioncouture.fr\/?page_id=40\",\"url\":\"https:\/\/scorpioncouture.fr\/?page_id=40\",\"name\":\"Cr\u00e9ations sur mesure\",\"isPartOf\":{\"@id\":\"https:\/\/scorpioncouture.fr\/#website\"},\"datePublished\":\"2023-03-09T19:39:45+00:00\",\"dateModified\":\"2023-04-17T20:49:37+00:00\",\"description\":\"V\u00eatement femme, homme, enfant \/ Accessoires \/ Ameublement. Une envie de v\u00eatements qui vous correspondent? Demandez un devis.\",\"breadcrumb\":{\"@id\":\"https:\/\/scorpioncouture.fr\/?page_id=40#breadcrumb\"},\"inLanguage\":\"fr-FR\",\"potentialAction\":[{\"@type\":\"ReadAction\",\"target\":[\"https:\/\/scorpioncouture.fr\/?page_id=40\"]}]},{\"@type\":\"BreadcrumbList\",\"@id\":\"https:\/\/scorpioncouture.fr\/?page_id=40#breadcrumb\",\"itemListElement\":[{\"@type\":\"ListItem\",\"position\":1,\"name\":\"Accueil\",\"item\":\"https:\/\/scorpioncouture.fr\/\"},{\"@type\":\"ListItem\",\"position\":2,\"name\":\"Cr\u00e9ation sur-mesure\"}]},{\"@type\":\"WebSite\",\"@id\":\"https:\/\/scorpioncouture.fr\/#website\",\"url\":\"https:\/\/scorpioncouture.fr\/\",\"name\":\"scorpioncouture.fr\",\"description\":\"\",\"publisher\":{\"@id\":\"https:\/\/scorpioncouture.fr\/#organization\"},\"potentialAction\":[{\"@type\":\"SearchAction\",\"target\":{\"@type\":\"EntryPoint\",\"urlTemplate\":\"https:\/\/scorpioncouture.fr\/?s={search_term_string}\"},\"query-input\":\"required name=search_term_string\"}],\"inLanguage\":\"fr-FR\"},{\"@type\":\"Organization\",\"@id\":\"https:\/\/scorpioncouture.fr\/#organization\",\"name\":\"scorpion couture\",\"url\":\"https:\/\/scorpioncouture.fr\/\",\"logo\":{\"@type\":\"ImageObject\",\"inLanguage\":\"fr-FR\",\"@id\":\"https:\/\/scorpioncouture.fr\/#\/schema\/logo\/image\/\",\"url\":\"https:\/\/scorpioncouture.fr\/wp-content\/uploads\/2023\/04\/cropped-Sans-titre.png\",\"contentUrl\":\"https:\/\/scorpioncouture.fr\/wp-content\/uploads\/2023\/04\/cropped-Sans-titre.png\",\"width\":512,\"height\":512,\"caption\":\"scorpion couture\"},\"image\":{\"@id\":\"https:\/\/scorpioncouture.fr\/#\/schema\/logo\/image\/\"},\"sameAs\":[\"https:\/\/www.facebook.com\/profile.php?id=100090969084416\"]}]}<\/script>\n<!-- \/ Yoast SEO plugin. -->","yoast_head_json":{"title":"Cr\u00e9ations sur mesure","description":"V\u00eatement femme, homme, enfant \/ Accessoires \/ Ameublement. Une envie de v\u00eatements qui vous correspondent? Demandez un devis.","robots":{"index":"index","follow":"follow","max-snippet":"max-snippet:-1","max-image-preview":"max-image-preview:large","max-video-preview":"max-video-preview:-1"},"canonical":"https:\/\/scorpioncouture.fr\/?page_id=40","og_locale":"fr_FR","og_type":"article","og_title":"Cr\u00e9ations sur mesure","og_description":"V\u00eatement femme, homme, enfant \/ Accessoires \/ Ameublement. Une envie de v\u00eatements qui vous correspondent? Demandez un devis.","og_url":"https:\/\/scorpioncouture.fr\/?page_id=40","og_site_name":"scorpioncouture.fr","article_publisher":"https:\/\/www.facebook.com\/profile.php?id=100090969084416","article_modified_time":"2023-04-17T20:49:37+00:00","og_image":[{"url":"http:\/\/scorpioncouture.fr\/wp-content\/uploads\/2023\/04\/Sans-titre-9-1024x819.png"}],"twitter_card":"summary_large_image","twitter_misc":{"Dur\u00e9e de lecture estim\u00e9e":"5 minutes"},"schema":{"@context":"https:\/\/schema.org","@graph":[{"@type":"WebPage","@id":"https:\/\/scorpioncouture.fr\/?page_id=40","url":"https:\/\/scorpioncouture.fr\/?page_id=40","name":"Cr\u00e9ations sur mesure","isPartOf":{"@id":"https:\/\/scorpioncouture.fr\/#website"},"datePublished":"2023-03-09T19:39:45+00:00","dateModified":"2023-04-17T20:49:37+00:00","description":"V\u00eatement femme, homme, enfant \/ Accessoires \/ Ameublement. Une envie de v\u00eatements qui vous correspondent? Demandez un devis.","breadcrumb":{"@id":"https:\/\/scorpioncouture.fr\/?page_id=40#breadcrumb"},"inLanguage":"fr-FR","potentialAction":[{"@type":"ReadAction","target":["https:\/\/scorpioncouture.fr\/?page_id=40"]}]},{"@type":"BreadcrumbList","@id":"https:\/\/scorpioncouture.fr\/?page_id=40#breadcrumb","itemListElement":[{"@type":"ListItem","position":1,"name":"Accueil","item":"https:\/\/scorpioncouture.fr\/"},{"@type":"ListItem","position":2,"name":"Cr\u00e9ation sur-mesure"}]},{"@type":"WebSite","@id":"https:\/\/scorpioncouture.fr\/#website","url":"https:\/\/scorpioncouture.fr\/","name":"scorpioncouture.fr","description":"","publisher":{"@id":"https:\/\/scorpioncouture.fr\/#organization"},"potentialAction":[{"@type":"SearchAction","target":{"@type":"EntryPoint","urlTemplate":"https:\/\/scorpioncouture.fr\/?s={search_term_string}"},"query-input":"required name=search_term_string"}],"inLanguage":"fr-FR"},{"@type":"Organization","@id":"https:\/\/scorpioncouture.fr\/#organization","name":"scorpion couture","url":"https:\/\/scorpioncouture.fr\/","logo":{"@type":"ImageObject","inLanguage":"fr-FR","@id":"https:\/\/scorpioncouture.fr\/#\/schema\/logo\/image\/","url":"https:\/\/scorpioncouture.fr\/wp-content\/uploads\/2023\/04\/cropped-Sans-titre.png","contentUrl":"https:\/\/scorpioncouture.fr\/wp-content\/uploads\/2023\/04\/cropped-Sans-titre.png","width":512,"height":512,"caption":"scorpion couture"},"image":{"@id":"https:\/\/scorpioncouture.fr\/#\/schema\/logo\/image\/"},"sameAs":["https:\/\/www.facebook.com\/profile.php?id=100090969084416"]}]}},"_links":{"self":[{"href":"https:\/\/scorpioncouture.fr\/index.php?rest_route=\/wp\/v2\/pages\/40"}],"collection":[{"href":"https:\/\/scorpioncouture.fr\/index.php?rest_route=\/wp\/v2\/pages"}],"about":[{"href":"https:\/\/scorpioncouture.fr\/index.php?rest_route=\/wp\/v2\/types\/page"}],"author":[{"embeddable":true,"href":"https:\/\/scorpioncouture.fr\/index.php?rest_route=\/wp\/v2\/users\/1"}],"replies":[{"embeddable":true,"href":"https:\/\/scorpioncouture.fr\/index.php?rest_route=%2Fwp%2Fv2%2Fcomments&post=40"}],"version-history":[{"count":34,"href":"https:\/\/scorpioncouture.fr\/index.php?rest_route=\/wp\/v2\/pages\/40\/revisions"}],"predecessor-version":[{"id":1074,"href":"https:\/\/scorpioncouture.fr\/index.php?rest_route=\/wp\/v2\/pages\/40\/revisions\/1074"}],"wp:attachment":[{"href":"https:\/\/scorpioncouture.fr\/index.php?rest_route=%2Fwp%2Fv2%2Fmedia&parent=40"}],"curies":[{"name":"wp","href":"https:\/\/api.w.org\/{rel}","templated":true}]}}