{"id":37,"date":"2023-03-09T19:36:28","date_gmt":"2023-03-09T19:36:28","guid":{"rendered":"http:\/\/scorpioncouture.local\/?page_id=31"},"modified":"2024-02-08T07:50:30","modified_gmt":"2024-02-08T06:50:30","slug":"tarifs","status":"publish","type":"page","link":"https:\/\/scorpioncouture.fr\/?page_id=37","title":{"rendered":"Tarifs"},"content":{"rendered":"\t\t<div data-elementor-type=\"wp-page\" data-elementor-id=\"37\" class=\"elementor elementor-37\">\n\t\t\t\t\t\t\t\t\t<section class=\"elementor-section elementor-top-section elementor-element elementor-element-115bb005 elementor-section-boxed elementor-section-height-default elementor-section-height-default\" data-id=\"115bb005\" data-element_type=\"section\">\n\t\t\t\t\t\t<div class=\"elementor-container elementor-column-gap-default\">\n\t\t\t\t\t<div class=\"elementor-column elementor-col-100 elementor-top-column elementor-element elementor-element-414f861d\" data-id=\"414f861d\" data-element_type=\"column\">\n\t\t\t<div class=\"elementor-widget-wrap elementor-element-populated\">\n\t\t\t\t\t\t\t\t<div class=\"elementor-element elementor-element-4c6a0ed elementor-widget elementor-widget-heading\" data-id=\"4c6a0ed\" data-element_type=\"widget\" data-widget_type=\"heading.default\">\n\t\t\t\t<div class=\"elementor-widget-container\">\n\t\t\t<style>\/*! elementor - v3.16.0 - 13-09-2023 *\/\n.elementor-heading-title{padding:0;margin:0;line-height:1}.elementor-widget-heading .elementor-heading-title[class*=elementor-size-]>a{color:inherit;font-size:inherit;line-height:inherit}.elementor-widget-heading .elementor-heading-title.elementor-size-small{font-size:15px}.elementor-widget-heading .elementor-heading-title.elementor-size-medium{font-size:19px}.elementor-widget-heading .elementor-heading-title.elementor-size-large{font-size:29px}.elementor-widget-heading .elementor-heading-title.elementor-size-xl{font-size:39px}.elementor-widget-heading .elementor-heading-title.elementor-size-xxl{font-size:59px}<\/style><h2 class=\"elementor-heading-title elementor-size-default\"><a href=\"#tarif\">Les tarifs<\/a><\/h2>\t\t<\/div>\n\t\t\t\t<\/div>\n\t\t\t\t<div class=\"elementor-element elementor-element-6798309 elementor-widget elementor-widget-text-editor\" data-id=\"6798309\" data-element_type=\"widget\" data-widget_type=\"text-editor.default\">\n\t\t\t\t<div class=\"elementor-widget-container\">\n\t\t\t<style>\/*! elementor - v3.16.0 - 13-09-2023 *\/\n.elementor-widget-text-editor.elementor-drop-cap-view-stacked .elementor-drop-cap{background-color:#69727d;color:#fff}.elementor-widget-text-editor.elementor-drop-cap-view-framed .elementor-drop-cap{color:#69727d;border:3px solid;background-color:transparent}.elementor-widget-text-editor:not(.elementor-drop-cap-view-default) .elementor-drop-cap{margin-top:8px}.elementor-widget-text-editor:not(.elementor-drop-cap-view-default) .elementor-drop-cap-letter{width:1em;height:1em}.elementor-widget-text-editor .elementor-drop-cap{float:left;text-align:center;line-height:1;font-size:50px}.elementor-widget-text-editor .elementor-drop-cap-letter{display:inline-block}<\/style>\t\t\t\t<p>Les tarifs comprennent :<\/p>\n<p>&#8211; la main d&rsquo;\u0153uvre \u00e0 25\u20ac de l&rsquo;heure ;<\/p>\n<p>&#8211; le mat\u00e9riel n\u00e9cessaire de base ;<\/p>\n<p>&#8211; le d\u00e9placement dans les 30km autour de l&rsquo;atelier (Montaulin). Un forfait kilom\u00e9trique de 0,50\u20ac par kilom\u00e8tre sera ajout\u00e9 au del\u00e0 de ce p\u00e9rim\u00e8tre.<\/p>\t\t\t\t\t\t<\/div>\n\t\t\t\t<\/div>\n\t\t\t\t<div class=\"elementor-element elementor-element-721cbc9 elementor-widget elementor-widget-text-editor\" data-id=\"721cbc9\" data-element_type=\"widget\" data-widget_type=\"text-editor.default\">\n\t\t\t\t<div class=\"elementor-widget-container\">\n\t\t\t\t\t\t\t<p>Pour tout projet je peux vous fournir un devis d\u00e9taill\u00e9 dans les meilleurs d\u00e9lais.<\/p>\t\t\t\t\t\t<\/div>\n\t\t\t\t<\/div>\n\t\t\t\t<div class=\"elementor-element elementor-element-a75745a elementor-align-center elementor-widget elementor-widget-button\" data-id=\"a75745a\" data-element_type=\"widget\" data-widget_type=\"button.default\">\n\t\t\t\t<div class=\"elementor-widget-container\">\n\t\t\t\t\t<div class=\"elementor-button-wrapper\">\n\t\t\t<a class=\"elementor-button elementor-button-link elementor-size-lg\" href=\"https:\/\/scorpioncouture.fr\/?page_id=33\">\n\t\t\t\t\t\t<span class=\"elementor-button-content-wrapper\">\n\t\t\t\t\t\t<span class=\"elementor-button-icon elementor-align-icon-left\">\n\t\t\t\t<i aria-hidden=\"true\" class=\"far fa-comments\"><\/i>\t\t\t<\/span>\n\t\t\t\t\t\t<span class=\"elementor-button-text\">Contactez moi<\/span>\n\t\t<\/span>\n\t\t\t\t\t<\/a>\n\t\t<\/div>\n\t\t\t\t<\/div>\n\t\t\t\t<\/div>\n\t\t\t\t\t<\/div>\n\t\t<\/div>\n\t\t\t\t\t\t\t<\/div>\n\t\t<\/section>\n\t\t\t\t<section class=\"elementor-section elementor-top-section elementor-element elementor-element-49d9ad6 elementor-section-boxed elementor-section-height-default elementor-section-height-default\" data-id=\"49d9ad6\" data-element_type=\"section\">\n\t\t\t\t\t\t<div class=\"elementor-container elementor-column-gap-default\">\n\t\t\t\t\t<div class=\"elementor-column elementor-col-100 elementor-top-column elementor-element elementor-element-f848f46\" data-id=\"f848f46\" data-element_type=\"column\">\n\t\t\t<div class=\"elementor-widget-wrap elementor-element-populated\">\n\t\t\t\t\t\t\t\t<div class=\"elementor-element elementor-element-8996eff elementor-widget elementor-widget-heading\" data-id=\"8996eff\" data-element_type=\"widget\" data-widget_type=\"heading.default\">\n\t\t\t\t<div class=\"elementor-widget-container\">\n\t\t\t<h2 class=\"elementor-heading-title elementor-size-default\">Tarifs des retouches et r\u00e9parations<\/h2>\t\t<\/div>\n\t\t\t\t<\/div>\n\t\t\t\t\t<\/div>\n\t\t<\/div>\n\t\t\t\t\t\t\t<\/div>\n\t\t<\/section>\n\t\t\t\t<section class=\"elementor-section elementor-top-section elementor-element elementor-element-b2bfbc4 elementor-section-boxed elementor-section-height-default elementor-section-height-default\" data-id=\"b2bfbc4\" data-element_type=\"section\">\n\t\t\t\t\t\t<div class=\"elementor-container elementor-column-gap-default\">\n\t\t\t\t\t<div class=\"elementor-column elementor-col-100 elementor-top-column elementor-element elementor-element-46bd652\" data-id=\"46bd652\" data-element_type=\"column\">\n\t\t\t<div class=\"elementor-widget-wrap\">\n\t\t\t\t\t\t\t\t\t<\/div>\n\t\t<\/div>\n\t\t\t\t\t\t\t<\/div>\n\t\t<\/section>\n\t\t\t\t<section class=\"elementor-section elementor-top-section elementor-element elementor-element-ed5173e elementor-section-boxed elementor-section-height-default elementor-section-height-default\" data-id=\"ed5173e\" data-element_type=\"section\">\n\t\t\t\t\t\t<div class=\"elementor-container elementor-column-gap-default\">\n\t\t\t\t\t<div class=\"elementor-column elementor-col-100 elementor-top-column elementor-element elementor-element-71ef7c9\" data-id=\"71ef7c9\" data-element_type=\"column\">\n\t\t\t<div class=\"elementor-widget-wrap elementor-element-populated\">\n\t\t\t\t\t\t\t\t<div class=\"elementor-element elementor-element-669bf77 elementor-widget elementor-widget-image\" data-id=\"669bf77\" data-element_type=\"widget\" data-widget_type=\"image.default\">\n\t\t\t\t<div class=\"elementor-widget-container\">\n\t\t\t<style>\/*! elementor - v3.16.0 - 13-09-2023 *\/\n.elementor-widget-image{text-align:center}.elementor-widget-image a{display:inline-block}.elementor-widget-image a img[src$=\".svg\"]{width:48px}.elementor-widget-image img{vertical-align:middle;display:inline-block}<\/style>\t\t\t\t\t\t\t\t\t\t\t\t<img decoding=\"async\" width=\"1024\" height=\"654\" src=\"https:\/\/scorpioncouture.fr\/wp-content\/uploads\/2024\/02\/Ajouter-des-lignes-dans-le-corps-du-texte-1-1024x654.png\" class=\"attachment-large size-large wp-image-1096\" alt=\"\" loading=\"lazy\" srcset=\"https:\/\/scorpioncouture.fr\/wp-content\/uploads\/2024\/02\/Ajouter-des-lignes-dans-le-corps-du-texte-1-1024x654.png 1024w, https:\/\/scorpioncouture.fr\/wp-content\/uploads\/2024\/02\/Ajouter-des-lignes-dans-le-corps-du-texte-1-300x192.png 300w, https:\/\/scorpioncouture.fr\/wp-content\/uploads\/2024\/02\/Ajouter-des-lignes-dans-le-corps-du-texte-1-768x491.png 768w, https:\/\/scorpioncouture.fr\/wp-content\/uploads\/2024\/02\/Ajouter-des-lignes-dans-le-corps-du-texte-1.png 1406w\" sizes=\"(max-width: 1024px) 100vw, 1024px\" \/>\t\t\t\t\t\t\t\t\t\t\t\t\t\t\t<\/div>\n\t\t\t\t<\/div>\n\t\t\t\t<div class=\"elementor-element elementor-element-9fe6ac0 elementor-widget elementor-widget-heading\" data-id=\"9fe6ac0\" data-element_type=\"widget\" data-widget_type=\"heading.default\">\n\t\t\t\t<div class=\"elementor-widget-container\">\n\t\t\t<h2 class=\"elementor-heading-title elementor-size-default\">Sur-mesure<\/h2>\t\t<\/div>\n\t\t\t\t<\/div>\n\t\t\t\t\t<\/div>\n\t\t<\/div>\n\t\t\t\t\t\t\t<\/div>\n\t\t<\/section>\n\t\t\t\t<section class=\"elementor-section elementor-top-section elementor-element elementor-element-84a1f51 elementor-section-boxed elementor-section-height-default elementor-section-height-default\" data-id=\"84a1f51\" data-element_type=\"section\">\n\t\t\t\t\t\t<div class=\"elementor-container elementor-column-gap-default\">\n\t\t\t\t\t<div class=\"elementor-column elementor-col-50 elementor-top-column elementor-element elementor-element-79d2a65\" data-id=\"79d2a65\" data-element_type=\"column\">\n\t\t\t<div class=\"elementor-widget-wrap elementor-element-populated\">\n\t\t\t\t\t\t\t\t<div class=\"elementor-element elementor-element-dff3ea4 elementor-widget elementor-widget-image\" data-id=\"dff3ea4\" data-element_type=\"widget\" data-widget_type=\"image.default\">\n\t\t\t\t<div class=\"elementor-widget-container\">\n\t\t\t\t\t\t\t\t\t\t\t\t\t\t\t<img decoding=\"async\" width=\"724\" height=\"1024\" src=\"https:\/\/scorpioncouture.fr\/wp-content\/uploads\/2023\/04\/tarifs-sur-mesure-724x1024.png\" class=\"attachment-large size-large wp-image-900\" alt=\"\" loading=\"lazy\" srcset=\"https:\/\/scorpioncouture.fr\/wp-content\/uploads\/2023\/04\/tarifs-sur-mesure-724x1024.png 724w, https:\/\/scorpioncouture.fr\/wp-content\/uploads\/2023\/04\/tarifs-sur-mesure-212x300.png 212w, https:\/\/scorpioncouture.fr\/wp-content\/uploads\/2023\/04\/tarifs-sur-mesure-768x1086.png 768w, https:\/\/scorpioncouture.fr\/wp-content\/uploads\/2023\/04\/tarifs-sur-mesure-1086x1536.png 1086w, https:\/\/scorpioncouture.fr\/wp-content\/uploads\/2023\/04\/tarifs-sur-mesure.png 1414w\" sizes=\"(max-width: 724px) 100vw, 724px\" \/>\t\t\t\t\t\t\t\t\t\t\t\t\t\t\t<\/div>\n\t\t\t\t<\/div>\n\t\t\t\t\t<\/div>\n\t\t<\/div>\n\t\t\t\t<div class=\"elementor-column elementor-col-50 elementor-top-column elementor-element elementor-element-51a375e\" data-id=\"51a375e\" data-element_type=\"column\">\n\t\t\t<div class=\"elementor-widget-wrap elementor-element-populated\">\n\t\t\t\t\t\t\t\t<div class=\"elementor-element elementor-element-3354877 elementor-widget elementor-widget-text-editor\" data-id=\"3354877\" data-element_type=\"widget\" data-widget_type=\"text-editor.default\">\n\t\t\t\t<div class=\"elementor-widget-container\">\n\t\t\t\t\t\t\t<p>Chaque cr\u00e9ation sera unique et adapt\u00e9e \u00e0 vos besoins et envies. Par cons\u00e9quent, chaque tarif est unique.<\/p><p>Le prix de votre v\u00eatement comprend :<\/p><ul><li>la conception (prise de mesures, dessin, choix des mati\u00e8res, patronage, toile si besoin)<\/li><li>le montage (coupe, assemblage)<\/li><li>l&rsquo;essayage, l&rsquo;ajustement<\/li><li>les finitions et la livraison<\/li><\/ul><p>\u00a0<\/p>\t\t\t\t\t\t<\/div>\n\t\t\t\t<\/div>\n\t\t\t\t<div class=\"elementor-element elementor-element-e7f6b8b elementor-align-center elementor-widget elementor-widget-button\" data-id=\"e7f6b8b\" data-element_type=\"widget\" data-widget_type=\"button.default\">\n\t\t\t\t<div class=\"elementor-widget-container\">\n\t\t\t\t\t<div class=\"elementor-button-wrapper\">\n\t\t\t<a class=\"elementor-button elementor-button-link elementor-size-sm\" href=\"https:\/\/scorpioncouture.fr\/?page_id=33\">\n\t\t\t\t\t\t<span class=\"elementor-button-content-wrapper\">\n\t\t\t\t\t\t<span class=\"elementor-button-icon elementor-align-icon-left\">\n\t\t\t\t<i aria-hidden=\"true\" class=\"far fa-comments\"><\/i>\t\t\t<\/span>\n\t\t\t\t\t\t<span class=\"elementor-button-text\">Demandez un devis<\/span>\n\t\t<\/span>\n\t\t\t\t\t<\/a>\n\t\t<\/div>\n\t\t\t\t<\/div>\n\t\t\t\t<\/div>\n\t\t\t\t\t<\/div>\n\t\t<\/div>\n\t\t\t\t\t\t\t<\/div>\n\t\t<\/section>\n\t\t\t\t<section class=\"elementor-section elementor-top-section elementor-element elementor-element-06828db elementor-section-boxed elementor-section-height-default elementor-section-height-default\" data-id=\"06828db\" data-element_type=\"section\">\n\t\t\t\t\t\t<div class=\"elementor-container elementor-column-gap-default\">\n\t\t\t\t\t<div class=\"elementor-column elementor-col-100 elementor-top-column elementor-element elementor-element-852ccc4\" data-id=\"852ccc4\" data-element_type=\"column\">\n\t\t\t<div class=\"elementor-widget-wrap elementor-element-populated\">\n\t\t\t\t\t\t\t\t<div class=\"elementor-element elementor-element-03acb90 elementor-widget elementor-widget-heading\" data-id=\"03acb90\" data-element_type=\"widget\" data-widget_type=\"heading.default\">\n\t\t\t\t<div class=\"elementor-widget-container\">\n\t\t\t<h2 class=\"elementor-heading-title elementor-size-default\">Cours ou animations couture<\/h2>\t\t<\/div>\n\t\t\t\t<\/div>\n\t\t\t\t\t<\/div>\n\t\t<\/div>\n\t\t\t\t\t\t\t<\/div>\n\t\t<\/section>\n\t\t\t\t<section class=\"elementor-section elementor-top-section elementor-element elementor-element-7f2309b elementor-section-boxed elementor-section-height-default elementor-section-height-default\" data-id=\"7f2309b\" data-element_type=\"section\">\n\t\t\t\t\t\t<div class=\"elementor-container elementor-column-gap-default\">\n\t\t\t\t\t<div class=\"elementor-column elementor-col-50 elementor-top-column elementor-element elementor-element-943d715\" data-id=\"943d715\" data-element_type=\"column\">\n\t\t\t<div class=\"elementor-widget-wrap elementor-element-populated\">\n\t\t\t\t\t\t\t\t<div class=\"elementor-element elementor-element-395d1e0 elementor-widget elementor-widget-text-editor\" data-id=\"395d1e0\" data-element_type=\"widget\" data-widget_type=\"text-editor.default\">\n\t\t\t\t<div class=\"elementor-widget-container\">\n\t\t\t\t\t\t\t<p>Les patrons et mati\u00e8res (tissus, fils, patrons, etc) ne sont pas compris dans les tarifs de base.\u00a0<\/p><p>Je peux vous les fournir sur devis.<\/p><p>Pour les animations de couture la seule limite est votre imagination : anniversaire enfant ou adolescent, enterrement de vie de jeune fille (ou enterrement de vie de gar\u00e7on), un moment m\u00e8re\/fille ou p\u00e8re\/fils, un simple moment entre copines, etc.<\/p>\t\t\t\t\t\t<\/div>\n\t\t\t\t<\/div>\n\t\t\t\t<div class=\"elementor-element elementor-element-db264f5 elementor-align-center elementor-widget elementor-widget-button\" data-id=\"db264f5\" data-element_type=\"widget\" data-widget_type=\"button.default\">\n\t\t\t\t<div class=\"elementor-widget-container\">\n\t\t\t\t\t<div class=\"elementor-button-wrapper\">\n\t\t\t<a class=\"elementor-button elementor-button-link elementor-size-sm\" href=\"https:\/\/scorpioncouture.fr\/?page_id=33\">\n\t\t\t\t\t\t<span class=\"elementor-button-content-wrapper\">\n\t\t\t\t\t\t<span class=\"elementor-button-icon elementor-align-icon-left\">\n\t\t\t\t<i aria-hidden=\"true\" class=\"far fa-comments\"><\/i>\t\t\t<\/span>\n\t\t\t\t\t\t<span class=\"elementor-button-text\">Demandez un devis<\/span>\n\t\t<\/span>\n\t\t\t\t\t<\/a>\n\t\t<\/div>\n\t\t\t\t<\/div>\n\t\t\t\t<\/div>\n\t\t\t\t\t<\/div>\n\t\t<\/div>\n\t\t\t\t<div class=\"elementor-column elementor-col-50 elementor-top-column elementor-element elementor-element-17aa9f5\" data-id=\"17aa9f5\" data-element_type=\"column\">\n\t\t\t<div class=\"elementor-widget-wrap elementor-element-populated\">\n\t\t\t\t\t\t\t\t<div class=\"elementor-element elementor-element-2a2eb58 elementor-widget elementor-widget-image\" data-id=\"2a2eb58\" data-element_type=\"widget\" data-widget_type=\"image.default\">\n\t\t\t\t<div class=\"elementor-widget-container\">\n\t\t\t\t\t\t\t\t\t\t\t\t\t\t\t<img decoding=\"async\" width=\"724\" height=\"1024\" src=\"https:\/\/scorpioncouture.fr\/wp-content\/uploads\/2023\/04\/Tarifs-cours-724x1024.png\" class=\"attachment-large size-large wp-image-899\" alt=\"\" loading=\"lazy\" srcset=\"https:\/\/scorpioncouture.fr\/wp-content\/uploads\/2023\/04\/Tarifs-cours-724x1024.png 724w, https:\/\/scorpioncouture.fr\/wp-content\/uploads\/2023\/04\/Tarifs-cours-212x300.png 212w, https:\/\/scorpioncouture.fr\/wp-content\/uploads\/2023\/04\/Tarifs-cours-768x1086.png 768w, https:\/\/scorpioncouture.fr\/wp-content\/uploads\/2023\/04\/Tarifs-cours-1086x1536.png 1086w, https:\/\/scorpioncouture.fr\/wp-content\/uploads\/2023\/04\/Tarifs-cours.png 1414w\" sizes=\"(max-width: 724px) 100vw, 724px\" \/>\t\t\t\t\t\t\t\t\t\t\t\t\t\t\t<\/div>\n\t\t\t\t<\/div>\n\t\t\t\t\t<\/div>\n\t\t<\/div>\n\t\t\t\t\t\t\t<\/div>\n\t\t<\/section>\n\t\t\t\t<section class=\"elementor-section elementor-top-section elementor-element elementor-element-d76e7a1 elementor-section-boxed elementor-section-height-default elementor-section-height-default\" data-id=\"d76e7a1\" data-element_type=\"section\">\n\t\t\t\t\t\t<div class=\"elementor-container elementor-column-gap-default\">\n\t\t\t\t\t<div class=\"elementor-column elementor-col-100 elementor-top-column elementor-element elementor-element-5a1b6b3\" data-id=\"5a1b6b3\" data-element_type=\"column\">\n\t\t\t<div class=\"elementor-widget-wrap\">\n\t\t\t\t\t\t\t\t\t<\/div>\n\t\t<\/div>\n\t\t\t\t\t\t\t<\/div>\n\t\t<\/section>\n\t\t\t\t\t\t\t<\/div>\n\t\t","protected":false},"excerpt":{"rendered":"<p>Les tarifs Les tarifs comprennent : &#8211; la main d&rsquo;\u0153uvre \u00e0 25\u20ac de l&rsquo;heure ; &#8211; le mat\u00e9riel n\u00e9cessaire de base ; &#8211; le d\u00e9placement dans les 30km autour de l&rsquo;atelier (Montaulin). Un forfait kilom\u00e9trique de 0,50\u20ac par kilom\u00e8tre sera ajout\u00e9 au del\u00e0 de ce p\u00e9rim\u00e8tre. Pour tout projet je peux vous fournir un devis [&hellip;]<\/p>\n","protected":false},"author":1,"featured_media":0,"parent":0,"menu_order":0,"comment_status":"closed","ping_status":"closed","template":"","meta":{"om_disable_all_campaigns":false,"_monsterinsights_skip_tracking":false,"_monsterinsights_sitenote_active":false,"_monsterinsights_sitenote_note":"","_monsterinsights_sitenote_category":0},"yoast_head":"<!-- This site is optimized with the Yoast SEO plugin v21.1 - https:\/\/yoast.com\/wordpress\/plugins\/seo\/ -->\n<title>Tarifs des produits et prestations<\/title>\n<meta name=\"description\" content=\"Les tarifs des produits et prestations sont donn\u00e9s \u00e0 titre d&#039;exemple car tout comme vous chacun est unique.\" \/>\n<meta name=\"robots\" content=\"index, follow, max-snippet:-1, max-image-preview:large, max-video-preview:-1\" \/>\n<link rel=\"canonical\" href=\"https:\/\/scorpioncouture.fr\/?page_id=37\" \/>\n<meta property=\"og:locale\" content=\"fr_FR\" \/>\n<meta property=\"og:type\" content=\"article\" \/>\n<meta property=\"og:title\" content=\"Tarifs des produits et prestations\" \/>\n<meta property=\"og:description\" content=\"Les tarifs des produits et prestations sont donn\u00e9s \u00e0 titre d&#039;exemple car tout comme vous chacun est unique.\" \/>\n<meta property=\"og:url\" content=\"https:\/\/scorpioncouture.fr\/?page_id=37\" \/>\n<meta property=\"og:site_name\" content=\"scorpioncouture.fr\" \/>\n<meta property=\"article:publisher\" content=\"https:\/\/www.facebook.com\/profile.php?id=100090969084416\" \/>\n<meta property=\"article:modified_time\" content=\"2024-02-08T06:50:30+00:00\" \/>\n<meta property=\"og:image\" content=\"https:\/\/scorpioncouture.fr\/wp-content\/uploads\/2024\/02\/Ajouter-des-lignes-dans-le-corps-du-texte-1-1024x654.png\" \/>\n<meta name=\"twitter:card\" content=\"summary_large_image\" \/>\n<meta name=\"twitter:label1\" content=\"Dur\u00e9e de lecture estim\u00e9e\" \/>\n\t<meta name=\"twitter:data1\" content=\"2 minutes\" \/>\n<script type=\"application\/ld+json\" class=\"yoast-schema-graph\">{\"@context\":\"https:\/\/schema.org\",\"@graph\":[{\"@type\":\"WebPage\",\"@id\":\"https:\/\/scorpioncouture.fr\/?page_id=37\",\"url\":\"https:\/\/scorpioncouture.fr\/?page_id=37\",\"name\":\"Tarifs des produits et prestations\",\"isPartOf\":{\"@id\":\"https:\/\/scorpioncouture.fr\/#website\"},\"datePublished\":\"2023-03-09T19:36:28+00:00\",\"dateModified\":\"2024-02-08T06:50:30+00:00\",\"description\":\"Les tarifs des produits et prestations sont donn\u00e9s \u00e0 titre d'exemple car tout comme vous chacun est unique.\",\"breadcrumb\":{\"@id\":\"https:\/\/scorpioncouture.fr\/?page_id=37#breadcrumb\"},\"inLanguage\":\"fr-FR\",\"potentialAction\":[{\"@type\":\"ReadAction\",\"target\":[\"https:\/\/scorpioncouture.fr\/?page_id=37\"]}]},{\"@type\":\"BreadcrumbList\",\"@id\":\"https:\/\/scorpioncouture.fr\/?page_id=37#breadcrumb\",\"itemListElement\":[{\"@type\":\"ListItem\",\"position\":1,\"name\":\"Accueil\",\"item\":\"https:\/\/scorpioncouture.fr\/\"},{\"@type\":\"ListItem\",\"position\":2,\"name\":\"Tarifs\"}]},{\"@type\":\"WebSite\",\"@id\":\"https:\/\/scorpioncouture.fr\/#website\",\"url\":\"https:\/\/scorpioncouture.fr\/\",\"name\":\"scorpioncouture.fr\",\"description\":\"\",\"publisher\":{\"@id\":\"https:\/\/scorpioncouture.fr\/#organization\"},\"potentialAction\":[{\"@type\":\"SearchAction\",\"target\":{\"@type\":\"EntryPoint\",\"urlTemplate\":\"https:\/\/scorpioncouture.fr\/?s={search_term_string}\"},\"query-input\":\"required name=search_term_string\"}],\"inLanguage\":\"fr-FR\"},{\"@type\":\"Organization\",\"@id\":\"https:\/\/scorpioncouture.fr\/#organization\",\"name\":\"scorpion couture\",\"url\":\"https:\/\/scorpioncouture.fr\/\",\"logo\":{\"@type\":\"ImageObject\",\"inLanguage\":\"fr-FR\",\"@id\":\"https:\/\/scorpioncouture.fr\/#\/schema\/logo\/image\/\",\"url\":\"https:\/\/scorpioncouture.fr\/wp-content\/uploads\/2023\/04\/cropped-Sans-titre.png\",\"contentUrl\":\"https:\/\/scorpioncouture.fr\/wp-content\/uploads\/2023\/04\/cropped-Sans-titre.png\",\"width\":512,\"height\":512,\"caption\":\"scorpion couture\"},\"image\":{\"@id\":\"https:\/\/scorpioncouture.fr\/#\/schema\/logo\/image\/\"},\"sameAs\":[\"https:\/\/www.facebook.com\/profile.php?id=100090969084416\"]}]}<\/script>\n<!-- \/ Yoast SEO plugin. -->","yoast_head_json":{"title":"Tarifs des produits et prestations","description":"Les tarifs des produits et prestations sont donn\u00e9s \u00e0 titre d'exemple car tout comme vous chacun est unique.","robots":{"index":"index","follow":"follow","max-snippet":"max-snippet:-1","max-image-preview":"max-image-preview:large","max-video-preview":"max-video-preview:-1"},"canonical":"https:\/\/scorpioncouture.fr\/?page_id=37","og_locale":"fr_FR","og_type":"article","og_title":"Tarifs des produits et prestations","og_description":"Les tarifs des produits et prestations sont donn\u00e9s \u00e0 titre d'exemple car tout comme vous chacun est unique.","og_url":"https:\/\/scorpioncouture.fr\/?page_id=37","og_site_name":"scorpioncouture.fr","article_publisher":"https:\/\/www.facebook.com\/profile.php?id=100090969084416","article_modified_time":"2024-02-08T06:50:30+00:00","og_image":[{"url":"https:\/\/scorpioncouture.fr\/wp-content\/uploads\/2024\/02\/Ajouter-des-lignes-dans-le-corps-du-texte-1-1024x654.png"}],"twitter_card":"summary_large_image","twitter_misc":{"Dur\u00e9e de lecture estim\u00e9e":"2 minutes"},"schema":{"@context":"https:\/\/schema.org","@graph":[{"@type":"WebPage","@id":"https:\/\/scorpioncouture.fr\/?page_id=37","url":"https:\/\/scorpioncouture.fr\/?page_id=37","name":"Tarifs des produits et prestations","isPartOf":{"@id":"https:\/\/scorpioncouture.fr\/#website"},"datePublished":"2023-03-09T19:36:28+00:00","dateModified":"2024-02-08T06:50:30+00:00","description":"Les tarifs des produits et prestations sont donn\u00e9s \u00e0 titre d'exemple car tout comme vous chacun est unique.","breadcrumb":{"@id":"https:\/\/scorpioncouture.fr\/?page_id=37#breadcrumb"},"inLanguage":"fr-FR","potentialAction":[{"@type":"ReadAction","target":["https:\/\/scorpioncouture.fr\/?page_id=37"]}]},{"@type":"BreadcrumbList","@id":"https:\/\/scorpioncouture.fr\/?page_id=37#breadcrumb","itemListElement":[{"@type":"ListItem","position":1,"name":"Accueil","item":"https:\/\/scorpioncouture.fr\/"},{"@type":"ListItem","position":2,"name":"Tarifs"}]},{"@type":"WebSite","@id":"https:\/\/scorpioncouture.fr\/#website","url":"https:\/\/scorpioncouture.fr\/","name":"scorpioncouture.fr","description":"","publisher":{"@id":"https:\/\/scorpioncouture.fr\/#organization"},"potentialAction":[{"@type":"SearchAction","target":{"@type":"EntryPoint","urlTemplate":"https:\/\/scorpioncouture.fr\/?s={search_term_string}"},"query-input":"required name=search_term_string"}],"inLanguage":"fr-FR"},{"@type":"Organization","@id":"https:\/\/scorpioncouture.fr\/#organization","name":"scorpion couture","url":"https:\/\/scorpioncouture.fr\/","logo":{"@type":"ImageObject","inLanguage":"fr-FR","@id":"https:\/\/scorpioncouture.fr\/#\/schema\/logo\/image\/","url":"https:\/\/scorpioncouture.fr\/wp-content\/uploads\/2023\/04\/cropped-Sans-titre.png","contentUrl":"https:\/\/scorpioncouture.fr\/wp-content\/uploads\/2023\/04\/cropped-Sans-titre.png","width":512,"height":512,"caption":"scorpion couture"},"image":{"@id":"https:\/\/scorpioncouture.fr\/#\/schema\/logo\/image\/"},"sameAs":["https:\/\/www.facebook.com\/profile.php?id=100090969084416"]}]}},"_links":{"self":[{"href":"https:\/\/scorpioncouture.fr\/index.php?rest_route=\/wp\/v2\/pages\/37"}],"collection":[{"href":"https:\/\/scorpioncouture.fr\/index.php?rest_route=\/wp\/v2\/pages"}],"about":[{"href":"https:\/\/scorpioncouture.fr\/index.php?rest_route=\/wp\/v2\/types\/page"}],"author":[{"embeddable":true,"href":"https:\/\/scorpioncouture.fr\/index.php?rest_route=\/wp\/v2\/users\/1"}],"replies":[{"embeddable":true,"href":"https:\/\/scorpioncouture.fr\/index.php?rest_route=%2Fwp%2Fv2%2Fcomments&post=37"}],"version-history":[{"count":28,"href":"https:\/\/scorpioncouture.fr\/index.php?rest_route=\/wp\/v2\/pages\/37\/revisions"}],"predecessor-version":[{"id":1099,"href":"https:\/\/scorpioncouture.fr\/index.php?rest_route=\/wp\/v2\/pages\/37\/revisions\/1099"}],"wp:attachment":[{"href":"https:\/\/scorpioncouture.fr\/index.php?rest_route=%2Fwp%2Fv2%2Fmedia&parent=37"}],"curies":[{"name":"wp","href":"https:\/\/api.w.org\/{rel}","templated":true}]}}