{"id":34,"date":"2023-03-09T19:26:26","date_gmt":"2023-03-09T19:26:26","guid":{"rendered":"http:\/\/scorpioncouture.local\/?page_id=19"},"modified":"2023-04-17T23:02:44","modified_gmt":"2023-04-17T21:02:44","slug":"mentions-legales","status":"publish","type":"page","link":"https:\/\/scorpioncouture.fr\/?page_id=34","title":{"rendered":"Mentions l\u00e9gales"},"content":{"rendered":"\t\t<div data-elementor-type=\"wp-page\" data-elementor-id=\"34\" class=\"elementor elementor-34\">\n\t\t\t\t\t\t\t\t\t<section class=\"elementor-section elementor-top-section elementor-element elementor-element-2d0f7b3 elementor-section-boxed elementor-section-height-default elementor-section-height-default\" data-id=\"2d0f7b3\" data-element_type=\"section\">\n\t\t\t\t\t\t<div class=\"elementor-container elementor-column-gap-default\">\n\t\t\t\t\t<div class=\"elementor-column elementor-col-100 elementor-top-column elementor-element elementor-element-1038adc1\" data-id=\"1038adc1\" data-element_type=\"column\">\n\t\t\t<div class=\"elementor-widget-wrap elementor-element-populated\">\n\t\t\t\t\t\t\t\t<div class=\"elementor-element elementor-element-29688d00 elementor-widget elementor-widget-text-editor\" data-id=\"29688d00\" data-element_type=\"widget\" data-widget_type=\"text-editor.default\">\n\t\t\t\t<div class=\"elementor-widget-container\">\n\t\t\t<style>\/*! elementor - v3.16.0 - 13-09-2023 *\/\n.elementor-widget-text-editor.elementor-drop-cap-view-stacked .elementor-drop-cap{background-color:#69727d;color:#fff}.elementor-widget-text-editor.elementor-drop-cap-view-framed .elementor-drop-cap{color:#69727d;border:3px solid;background-color:transparent}.elementor-widget-text-editor:not(.elementor-drop-cap-view-default) .elementor-drop-cap{margin-top:8px}.elementor-widget-text-editor:not(.elementor-drop-cap-view-default) .elementor-drop-cap-letter{width:1em;height:1em}.elementor-widget-text-editor .elementor-drop-cap{float:left;text-align:center;line-height:1;font-size:50px}.elementor-widget-text-editor .elementor-drop-cap-letter{display:inline-block}<\/style>\t\t\t\t<h2><a href=\"#cgv\">Mentions l\u00e9gales<\/a><\/h2>\n<p>Conform\u00e9ment aux dispositions de la loi n\u00b0 2004-575 du 21 juin 2004 pour la confiance en l&rsquo;\u00e9conomie num\u00e9rique, il est pr\u00e9cis\u00e9 aux utilisateurs du site Scorpion Couture l&rsquo;identit\u00e9 des diff\u00e9rents intervenants dans le cadre de sa r\u00e9alisation et de son suivi.<\/p>\n<h2>Edition du site<\/h2>\n<p>Le pr\u00e9sent site, accessible \u00e0 l\u2019URL www.scorpioncouture.fr, est \u00e9dit\u00e9 par :<\/p>\n<p><\/p>\n<p>Marion Simonin,&nbsp;<\/p>\n<p>r\u00e9sidant 3c rue de la haie de la pelle 10270 MONTAULIN,&nbsp;<\/p>\n<p>de nationalit\u00e9 Fran\u00e7aise (France),&nbsp;<\/p>\n<p>n\u00e9(e) le 06\/11\/1986,<\/p>\n<h2>Hebergement<\/h2>\n<p>Le Site est h\u00e9berg\u00e9 par la soci\u00e9t\u00e9 Hostinger International LTD,&nbsp;<\/p>\n<p>situ\u00e9 61 Lordou Vironos Street, 6023 Larnaca, Chypre,&nbsp;<\/p>\n<p>contact email : https:\/\/www.hostinger.fr\/contact.<\/p>\n<h2>Directeur de publication<\/h2>\n<p>Le Directeur de la publication du Site est Marion Simonin.<\/p>\n<h2>Nous contacter<\/h2>\n<p>Par t\u00e9l\u00e9phone : 06 68 17 65 40;<\/p>\n<p>Par email&nbsp;: contact@scorpioncouture.fr;<\/p>\n<p>Par courrier&nbsp;: 3c rue de la haie de la pelle 10270 MONTAULIN.<\/p>\n<h2><a href=\"#cgv\">Conditions g\u00e9n\u00e9rales de vente<\/a><\/h2>\n<p>Entre l&rsquo;Entreprise Individuelle Scorpion Couture,<br>3c rue de la haie de la pelle, 10270, Montaulin<br>immatricul\u00e9 au Registre du Commerce et des Soci\u00e9t\u00e9s de Montaulin sous le num\u00e9ro SIREN 95089832000011,<br>repr\u00e9sent\u00e9e par Marion Simonin<br>en qualit\u00e9 d&rsquo;entrepreneuse,<br>d\u00fbment habilit\u00e9 aux fins des pr\u00e9sentes.<br>La soci\u00e9t\u00e9 peut \u00eatre jointe par email en cliquant sur le formulaire de contact accessible via la page de contact du site ou par t\u00e9l\u00e9phone au 06 68 17 65 40.<br>Ci-apr\u00e8s le \u00ab Vendeur \u00bb ou la \u00ab Soci\u00e9t\u00e9 \u00bb.<br>D\u2019une part,<br>Et la personne physique ou morale proc\u00e9dant \u00e0 l\u2019achat de produits ou services de la soci\u00e9t\u00e9,<br>Ci-apr\u00e8s, \u00ab l\u2019Acheteur \u00bb, ou \u00ab le Client \u00bb<br>D\u2019autre part,<\/p>\n<h2>Pr\u00e9ambule<\/h2>\n<p>Le Vendeur est \u00e9diteur de produits et de services de :<\/p>\n<p>&#8211; retouche, r\u00e9paration<\/p>\n<p>&#8211; sur-mesure<\/p>\n<p>&#8211; cours loisirs ou animation couture<\/p>\n<p>&#8211; travaux de couture&nbsp;<\/p>\n<p>dont une liste non exhaustive peut \u00eatre consult\u00e9e sur son site Internet (http:\/\/www.scorpioncouture.fr). La liste et le descriptif des biens et services propos\u00e9s par la Soci\u00e9t\u00e9 peuvent \u00eatre consult\u00e9s sur le site susmentionn\u00e9 ainsi que par demande par mail (contact@scorpioncouture.fr) ou t\u00e9l\u00e9phone (06 68 17 65 40).<\/p>\n<h2>Article 1 : Objet<\/h2>\n<p>Les pr\u00e9sentes Conditions G\u00e9n\u00e9rales de Vente d\u00e9terminent les droits et obligations des parties dans le cadre de la vente de Produits et de Services propos\u00e9s par le Vendeur.<\/p>\n<h2>Article 2 : Dispositions g\u00e9n\u00e9rales<\/h2>\n<p>Les pr\u00e9sentes Conditions G\u00e9n\u00e9rales de Vente (CGV) s\u2019appliquent \u00e0 toutes les ventes de Produits, ou Services effectu\u00e9es \u00e0 travers la Soci\u00e9t\u00e9 et sont partie int\u00e9grante du Contrat entre l\u2019Acheteur et le Vendeur. Le Vendeur se r\u00e9serve la possibilit\u00e9 de modifier les pr\u00e9sentes, \u00e0 tout moment par la publication d\u2019une nouvelle version sur son site Internet. Les CGV applicables alors sont celles \u00e9tant en vigueur \u00e0 la date de la commande.&nbsp;<\/p><p>Ces CGV sont consultables sur le site Internet de la Soci\u00e9t\u00e9 \u00e0 l\u2019adresse suivante : http:\/\/scorpioncouture.local\/legal .&nbsp;<\/p><p>La Soci\u00e9t\u00e9 s\u2019assure \u00e9galement que leur acceptation soit claire et sans r\u00e9serve au moment de l\u2019achat. Le Client d\u00e9clare avoir pris connaissance de l\u2019ensemble des pr\u00e9sentes Conditions G\u00e9n\u00e9rales de Vente, et le cas \u00e9ch\u00e9ant des Conditions Particuli\u00e8res de Vente li\u00e9es \u00e0 un produit ou \u00e0 un service, et les accepter sans restriction ni r\u00e9serve.&nbsp;<\/p><p>Le Client reconna\u00eet qu\u2019il a b\u00e9n\u00e9fici\u00e9 des conseils et informations n\u00e9cessaires afin de s\u2019assurer de l\u2019ad\u00e9quation de l\u2019offre \u00e0 ses besoins. Le Client d\u00e9clare \u00eatre en mesure de contracter l\u00e9galement en vertu des lois fran\u00e7aises ou valablement repr\u00e9senter la personne physique ou morale pour laquelle il s\u2019engage.&nbsp;<\/p><p>Sauf preuve contraire les informations enregistr\u00e9es par la Soci\u00e9t\u00e9 constituent la preuve de l\u2019ensemble des transactions.<\/p>\n<h2>Article 3 : Prix<\/h2>\n<p>Les prix des produits vendus sont indiqu\u00e9s en Euros Toutes Taxes Comprises (TTC). La Soci\u00e9t\u00e9 se r\u00e9serve la possibilit\u00e9 de modifier ses prix \u00e0 tout moment pour l\u2019avenir. Le prix est fix\u00e9 \u00e0 la commande. Un devis peut \u00eatre r\u00e9dig\u00e9 \u00e0 la demande du client.&nbsp;<\/p><p>Le prix ne comprend pas le tissu ou la mercerie n\u00e9cessaire sauf mention contraire indiqu\u00e9e sur la commande. Les frais de t\u00e9l\u00e9communication n\u00e9cessaires \u00e0 l\u2019acc\u00e8s aux sites Internet de la Soci\u00e9t\u00e9 sont \u00e0 la charge du Client.&nbsp;<\/p>\n<h2>Article 4 : Conclusion du contrat<\/h2>\n<p>Le Client devra suivre une s\u00e9rie d\u2019\u00e9tapes sp\u00e9cifiques \u00e0 chaque Produit ou Service offert \u00e0 la vente par le Vendeur pour pouvoir r\u00e9aliser sa commande. Toutefois, les \u00e9tapes d\u00e9crites ci-apr\u00e8s sont syst\u00e9matiques :&nbsp;<\/p><p>\u2013 Le Client prend contact avec le Vendeur en pr\u00e9cisant le Produit ou Service souhait\u00e9 ;&nbsp;<\/p><p>\u2013 Apr\u00e8s conseils du Vendeur le Client peut demander un devis valable un mois ;&nbsp;<\/p><p>\u2013 Acceptation des pr\u00e9sentes Conditions G\u00e9n\u00e9rales de Vente.&nbsp;<\/p><p>\u2013 V\u00e9rification des \u00e9l\u00e9ments de la commande et, le cas \u00e9ch\u00e9ant, correction des erreurs.&nbsp;<\/p><p>\u2013 Suivi des instructions pour le paiement, et paiement des produits.&nbsp;<\/p><p>\u2013 Livraison des produits.&nbsp;<\/p><p>Le Client recevra alors une facture d\u00e9mat\u00e9rialis\u00e9e ou papier \u00e0 la demande. Le Vendeur se r\u00e9serve la possibilit\u00e9 de refuser la commande, par exemple pour toute demande anormale, r\u00e9alis\u00e9e de mauvaise foi ou pour tout motif l\u00e9gitime.<\/p>\n<h2>Article 5 : Produits et services<\/h2>\n<p>Les caract\u00e9ristiques essentielles des biens, des services et leurs prix respectifs sont mis \u00e0 disposition de l\u2019acheteur par devis. Le client atteste avoir re\u00e7u un d\u00e9tail des conditions de livraison ainsi que les modalit\u00e9s de paiement, de livraison et d\u2019ex\u00e9cution du contrat. Le Vendeur s\u2019engage \u00e0 honorer la commande du Client dans les conditions fix\u00e9es ensemble. A d\u00e9faut, le Vendeur en informe le Client.&nbsp;<\/p><p>Ces informations contractuelles sont pr\u00e9sent\u00e9es en d\u00e9tail et en langue fran\u00e7aise. Sauf conditions particuli\u00e8res, les droits conc\u00e9d\u00e9s au titre des pr\u00e9sentes le sont uniquement \u00e0 la personne physique signataire de la commande.&nbsp;<\/p><p>Conform\u00e9ment aux dispositions l\u00e9gales en mati\u00e8re de conformit\u00e9 et de vices cach\u00e9s, le Vendeur rembourse ou \u00e9change les produits d\u00e9fectueux ou ne correspondant pas \u00e0 la commande. Le remboursement peut \u00eatre demand\u00e9 en contactant le Vendeur par email ou lettre simple.<\/p>\n<h2>Article 6 : Clause de r\u00e9serve de propri\u00e9t\u00e9<\/h2>\n<p>Les produits demeurent la propri\u00e9t\u00e9 de la Soci\u00e9t\u00e9 jusqu\u2019au complet paiement du prix.<\/p>\n<h2>Article 7 : Modalit\u00e9s de livraison<\/h2>\n<p>Les produits sont livr\u00e9s \u00e0 l\u2019adresse de livraison qui a \u00e9t\u00e9 indiqu\u00e9e lors de la commande et le d\u00e9lai indiqu\u00e9. Ce d\u00e9lai ne prend pas en compte le d\u00e9lai de pr\u00e9paration de la commande. Lorsque le Client commande plusieurs produits en m\u00eame temps ceux-ci peuvent avoir des d\u00e9lais de livraison diff\u00e9rents achemin\u00e9s selon des modalit\u00e9s diff\u00e9rentes.&nbsp;<\/p><p>Le Vendeur met \u00e0 disposition un point de contact t\u00e9l\u00e9phonique (co\u00fbt d\u2019une communication locale \u00e0 partir d\u2019un poste fixe) indiqu\u00e9 dans l\u2019email de confirmation de commande afin d\u2019assurer le suivi de la commande. Le Vendeur rappelle qu\u2019au moment o\u00f9 le Client pend possession physiquement des produits, les risques de perte ou d\u2019endommagement des produits lui est transf\u00e9r\u00e9.<\/p>\n<h2>Article 8 : Disponibilit\u00e9 et pr\u00e9sentation<\/h2>\n<p>Les commandes seront trait\u00e9es dans la limite de nos stocks disponibles ou sous r\u00e9serve des stocks disponibles chez nos fournisseurs.<\/p>\n<h2>Article 9 : Paiement<\/h2>\n<p>Le paiement est exigible \u00e0 la livraison, sauf pour le sur-mesure et les animations couture pour lesquels un acompte est exig\u00e9 \u00e0 la commande. Un acompte vous engage.<\/p>\n<p>La totalit\u00e9 de la commande doit \u00eatre sold\u00e9e pour que le vendeur d\u00e9clenche la livraison.&nbsp;&nbsp;<\/p>\n<p>Scorpion Couture accepte les r\u00e8glements :<\/p>\n<p>&#8211; Par ch\u00e8que \u00e0 l\u2019ordre de Marion Simonin. En cas de ch\u00e8que sans provision, le Client devra offrir un autre mode de paiement.&nbsp;<\/p>\n<p>&#8211; Par virement, aux coordonn\u00e9es bancaires transmises par le Vendeur.<\/p>\n<h2>Article 10 : D\u00e9lai de r\u00e9tractation<\/h2>\n<p>Conform\u00e9ment \u00e0 l\u2019article L. 121-20 du Code de la consommation, \u00ab le consommateur dispose d\u2019un d\u00e9lai de quatorze jours francs pour exercer son droit de r\u00e9tractation sans avoir \u00e0 justifier de motifs ni \u00e0 payer de p\u00e9nalit\u00e9s, \u00e0 l\u2019exception, le cas \u00e9ch\u00e9ant, des frais de retour \u00bb. \u00ab Le d\u00e9lai mentionn\u00e9 \u00e0 l\u2019alin\u00e9a pr\u00e9c\u00e9dent court \u00e0 compter de la r\u00e9ception pour les biens ou de l\u2019acceptation de l\u2019offre pour les prestations de services \u00bb.&nbsp;<\/p><p>Le droit de r\u00e9tractation peut \u00eatre exerc\u00e9 en contactant la Soci\u00e9t\u00e9 par email ou t\u00e9l\u00e9phone. En cas d\u2019exercice du droit de r\u00e9tractation dans le d\u00e9lai susmentionn\u00e9, seul le prix du ou des produits achet\u00e9s et les frais d\u2019envoi seront rembours\u00e9s, les frais de retour restent \u00e0 la charge du Client.&nbsp;Ce d\u00e9lai ne s\u2019applique pas pour les commandes sur-mesure et personnalisables. Le client peut demander le remboursement d\u2019un article sur-mesure uniquement si celui-ci est non conforme de mani\u00e8re significative \u00e0 la demande initiale.<\/p>\n<h2>Article 11 : Garanties<\/h2>\n<p>Conform\u00e9ment \u00e0 la loi, le Vendeur assume deux garanties : de conformit\u00e9 et relative aux vices cach\u00e9s des produits. Le Vendeur rembourse l\u2019acheteur ou \u00e9change les produits apparemment d\u00e9fectueux ou ne correspondant pas \u00e0 la commande effectu\u00e9e. La demande de remboursement doit s\u2019effectuer en contactant le Veneur par email ou par lettre simple. Le Vendeur rappelle que le consommateur :&nbsp;<\/p><p>\u2013 dispose d\u2019un d\u00e9lai de 2 ans \u00e0 compter de la d\u00e9livrance du bien pour agir aupr\u00e8s du Vendeur&nbsp;<\/p><p>\u2013 qu\u2019il peut choisir entre le remplacement et la r\u00e9paration du bien sous r\u00e9serve des conditions pr\u00e9vues par les dispositions susmentionn\u00e9es. apparemment d\u00e9fectueux ou ne correspondant&nbsp;<\/p><p>\u2013 qu\u2019il est dispens\u00e9 d\u2019apporter la preuve l\u2019existence du d\u00e9faut de conformit\u00e9 du bien durant les six mois suivant la d\u00e9livrance du bien que le consommateur peut \u00e9galement faire valoir la garantie contre les vices cach\u00e9s de la chose vendue au sens de l\u2019article 1641 du code civil et, dans cette hypoth\u00e8se, il peut choisir entre la r\u00e9solution de la vente ou une r\u00e9duction du prix de vente (dispositions des articles 1644 du Code Civil).<\/p>\n<h2>Article 12 : R\u00e9clamations<\/h2>\n<p>Le cas \u00e9ch\u00e9ant, l\u2019Acheteur peut pr\u00e9senter toute r\u00e9clamation en contactant la soci\u00e9t\u00e9 par email ou par lettre simple.<\/p>\n<h2>Article 13 : Droits de propri\u00e9t\u00e9 intellectuelle<\/h2>\n<p>Les produits sont et restent la propri\u00e9t\u00e9 exclusive du vendeur. Aucune cession de droits de propri\u00e9t\u00e9 intellectuelle n\u2019est r\u00e9alis\u00e9e au travers des pr\u00e9sentes CGV. Toute reproduction totale ou partielle, modification ou utilisation de ces biens pour quelque motif que ce soit est strictement interdite.<\/p>\n<h2>Article 14 : Force majeure<\/h2>\n<p>L\u2019ex\u00e9cution des obligations du vendeur au terme des pr\u00e9sentes est suspendue en cas de survenance d\u2019un cas fortuit ou de force majeure qui en emp\u00eacherait l\u2019ex\u00e9cution. Le vendeur avisera le client de la survenance d\u2019un tel \u00e9v\u00e8nement d\u00e8s que possible.<\/p>\n<h2>Article 15 : Nullit\u00e9 et modification de contrat<\/h2>\n<p>Si l\u2019une des stipulations du pr\u00e9sent contrat \u00e9tait annul\u00e9e, cette nullit\u00e9 n\u2019entra\u00eenerait pas la nullit\u00e9 des autres stipulations qui demeureront en vigueur entre les parties. Toute modification contractuelle n\u2019est valable qu\u2019apr\u00e8s un accord \u00e9crit et sign\u00e9 des parties.<\/p>\n<h2>Article 16 : RGPD et protection des donn\u00e9es personnelles<\/h2>\n<p>Conform\u00e9ment au r\u00e8glement europ\u00e9en en mati\u00e8re de protection des donn\u00e9es personnelles, vous disposez des droits d\u2019interrogation, d\u2019acc\u00e8s, de modification, d\u2019opposition et de rectification sur les donn\u00e9es personnelles vous concernant. En adh\u00e9rant \u00e0 ces conditions g\u00e9n\u00e9rales de vente, vous consentez \u00e0 ce que nous collections et utilisions ces donn\u00e9es pour l\u2019ex\u00e9cution du pr\u00e9sent contrat. vos donn\u00e9es seront uniquement utilis\u00e9es par le Vendeur. Elles seront effac\u00e9es par simple demande aupr\u00e8s du vendeur.<\/p>\n<h2>Article 17 : Droit applicable<\/h2>\n<p>Toutes les clauses figurant dans les pr\u00e9sentes conditions g\u00e9n\u00e9rales de vente, ainsi que toutes les op\u00e9rations d\u2019achat et de vente qui y sont vis\u00e9es, seront soumises au droit fran\u00e7ais.<\/p>\t\t\t\t\t\t<\/div>\n\t\t\t\t<\/div>\n\t\t\t\t\t<\/div>\n\t\t<\/div>\n\t\t\t\t\t\t\t<\/div>\n\t\t<\/section>\n\t\t\t\t\t\t\t<\/div>\n\t\t","protected":false},"excerpt":{"rendered":"<p>Mentions l\u00e9gales Conform\u00e9ment aux dispositions de la loi n\u00b0 2004-575 du 21 juin 2004 pour la confiance en l&rsquo;\u00e9conomie num\u00e9rique, il est pr\u00e9cis\u00e9 aux utilisateurs du site Scorpion Couture l&rsquo;identit\u00e9 des diff\u00e9rents intervenants dans le cadre de sa r\u00e9alisation et de son suivi. Edition du site Le pr\u00e9sent site, accessible \u00e0 l\u2019URL www.scorpioncouture.fr, est \u00e9dit\u00e9 [&hellip;]<\/p>\n","protected":false},"author":1,"featured_media":0,"parent":0,"menu_order":0,"comment_status":"closed","ping_status":"closed","template":"","meta":{"om_disable_all_campaigns":false,"_monsterinsights_skip_tracking":false,"_monsterinsights_sitenote_active":false,"_monsterinsights_sitenote_note":"","_monsterinsights_sitenote_category":0},"yoast_head":"<!-- This site is optimized with the Yoast SEO plugin v21.1 - https:\/\/yoast.com\/wordpress\/plugins\/seo\/ -->\n<title>Mentions l\u00e9gales et conditions g\u00e9n\u00e9rales de ventes<\/title>\n<meta name=\"description\" content=\"Mentions l\u00e9gales et conditions g\u00e9n\u00e9rales de ventes de l&#039;atelier de couture Scorpion Couture \u00e0 Montaulin.\" \/>\n<meta name=\"robots\" content=\"index, follow, max-snippet:-1, max-image-preview:large, max-video-preview:-1\" \/>\n<link rel=\"canonical\" href=\"https:\/\/scorpioncouture.fr\/?page_id=34\" \/>\n<meta property=\"og:locale\" content=\"fr_FR\" \/>\n<meta property=\"og:type\" content=\"article\" \/>\n<meta property=\"og:title\" content=\"Mentions l\u00e9gales et conditions g\u00e9n\u00e9rales de ventes\" \/>\n<meta property=\"og:description\" content=\"Mentions l\u00e9gales et conditions g\u00e9n\u00e9rales de ventes de l&#039;atelier de couture Scorpion Couture \u00e0 Montaulin.\" \/>\n<meta property=\"og:url\" content=\"https:\/\/scorpioncouture.fr\/?page_id=34\" \/>\n<meta property=\"og:site_name\" content=\"scorpioncouture.fr\" \/>\n<meta property=\"article:publisher\" content=\"https:\/\/www.facebook.com\/profile.php?id=100090969084416\" \/>\n<meta property=\"article:modified_time\" content=\"2023-04-17T21:02:44+00:00\" \/>\n<meta name=\"twitter:card\" content=\"summary_large_image\" \/>\n<meta name=\"twitter:label1\" content=\"Dur\u00e9e de lecture estim\u00e9e\" \/>\n\t<meta name=\"twitter:data1\" content=\"10 minutes\" \/>\n<script type=\"application\/ld+json\" class=\"yoast-schema-graph\">{\"@context\":\"https:\/\/schema.org\",\"@graph\":[{\"@type\":\"WebPage\",\"@id\":\"https:\/\/scorpioncouture.fr\/?page_id=34\",\"url\":\"https:\/\/scorpioncouture.fr\/?page_id=34\",\"name\":\"Mentions l\u00e9gales et conditions g\u00e9n\u00e9rales de ventes\",\"isPartOf\":{\"@id\":\"https:\/\/scorpioncouture.fr\/#website\"},\"datePublished\":\"2023-03-09T19:26:26+00:00\",\"dateModified\":\"2023-04-17T21:02:44+00:00\",\"description\":\"Mentions l\u00e9gales et conditions g\u00e9n\u00e9rales de ventes de l'atelier de couture Scorpion Couture \u00e0 Montaulin.\",\"breadcrumb\":{\"@id\":\"https:\/\/scorpioncouture.fr\/?page_id=34#breadcrumb\"},\"inLanguage\":\"fr-FR\",\"potentialAction\":[{\"@type\":\"ReadAction\",\"target\":[\"https:\/\/scorpioncouture.fr\/?page_id=34\"]}]},{\"@type\":\"BreadcrumbList\",\"@id\":\"https:\/\/scorpioncouture.fr\/?page_id=34#breadcrumb\",\"itemListElement\":[{\"@type\":\"ListItem\",\"position\":1,\"name\":\"Accueil\",\"item\":\"https:\/\/scorpioncouture.fr\/\"},{\"@type\":\"ListItem\",\"position\":2,\"name\":\"Mentions l\u00e9gales\"}]},{\"@type\":\"WebSite\",\"@id\":\"https:\/\/scorpioncouture.fr\/#website\",\"url\":\"https:\/\/scorpioncouture.fr\/\",\"name\":\"scorpioncouture.fr\",\"description\":\"\",\"publisher\":{\"@id\":\"https:\/\/scorpioncouture.fr\/#organization\"},\"potentialAction\":[{\"@type\":\"SearchAction\",\"target\":{\"@type\":\"EntryPoint\",\"urlTemplate\":\"https:\/\/scorpioncouture.fr\/?s={search_term_string}\"},\"query-input\":\"required name=search_term_string\"}],\"inLanguage\":\"fr-FR\"},{\"@type\":\"Organization\",\"@id\":\"https:\/\/scorpioncouture.fr\/#organization\",\"name\":\"scorpion couture\",\"url\":\"https:\/\/scorpioncouture.fr\/\",\"logo\":{\"@type\":\"ImageObject\",\"inLanguage\":\"fr-FR\",\"@id\":\"https:\/\/scorpioncouture.fr\/#\/schema\/logo\/image\/\",\"url\":\"https:\/\/scorpioncouture.fr\/wp-content\/uploads\/2023\/04\/cropped-Sans-titre.png\",\"contentUrl\":\"https:\/\/scorpioncouture.fr\/wp-content\/uploads\/2023\/04\/cropped-Sans-titre.png\",\"width\":512,\"height\":512,\"caption\":\"scorpion couture\"},\"image\":{\"@id\":\"https:\/\/scorpioncouture.fr\/#\/schema\/logo\/image\/\"},\"sameAs\":[\"https:\/\/www.facebook.com\/profile.php?id=100090969084416\"]}]}<\/script>\n<!-- \/ Yoast SEO plugin. -->","yoast_head_json":{"title":"Mentions l\u00e9gales et conditions g\u00e9n\u00e9rales de ventes","description":"Mentions l\u00e9gales et conditions g\u00e9n\u00e9rales de ventes de l'atelier de couture Scorpion Couture \u00e0 Montaulin.","robots":{"index":"index","follow":"follow","max-snippet":"max-snippet:-1","max-image-preview":"max-image-preview:large","max-video-preview":"max-video-preview:-1"},"canonical":"https:\/\/scorpioncouture.fr\/?page_id=34","og_locale":"fr_FR","og_type":"article","og_title":"Mentions l\u00e9gales et conditions g\u00e9n\u00e9rales de ventes","og_description":"Mentions l\u00e9gales et conditions g\u00e9n\u00e9rales de ventes de l'atelier de couture Scorpion Couture \u00e0 Montaulin.","og_url":"https:\/\/scorpioncouture.fr\/?page_id=34","og_site_name":"scorpioncouture.fr","article_publisher":"https:\/\/www.facebook.com\/profile.php?id=100090969084416","article_modified_time":"2023-04-17T21:02:44+00:00","twitter_card":"summary_large_image","twitter_misc":{"Dur\u00e9e de lecture estim\u00e9e":"10 minutes"},"schema":{"@context":"https:\/\/schema.org","@graph":[{"@type":"WebPage","@id":"https:\/\/scorpioncouture.fr\/?page_id=34","url":"https:\/\/scorpioncouture.fr\/?page_id=34","name":"Mentions l\u00e9gales et conditions g\u00e9n\u00e9rales de ventes","isPartOf":{"@id":"https:\/\/scorpioncouture.fr\/#website"},"datePublished":"2023-03-09T19:26:26+00:00","dateModified":"2023-04-17T21:02:44+00:00","description":"Mentions l\u00e9gales et conditions g\u00e9n\u00e9rales de ventes de l'atelier de couture Scorpion Couture \u00e0 Montaulin.","breadcrumb":{"@id":"https:\/\/scorpioncouture.fr\/?page_id=34#breadcrumb"},"inLanguage":"fr-FR","potentialAction":[{"@type":"ReadAction","target":["https:\/\/scorpioncouture.fr\/?page_id=34"]}]},{"@type":"BreadcrumbList","@id":"https:\/\/scorpioncouture.fr\/?page_id=34#breadcrumb","itemListElement":[{"@type":"ListItem","position":1,"name":"Accueil","item":"https:\/\/scorpioncouture.fr\/"},{"@type":"ListItem","position":2,"name":"Mentions l\u00e9gales"}]},{"@type":"WebSite","@id":"https:\/\/scorpioncouture.fr\/#website","url":"https:\/\/scorpioncouture.fr\/","name":"scorpioncouture.fr","description":"","publisher":{"@id":"https:\/\/scorpioncouture.fr\/#organization"},"potentialAction":[{"@type":"SearchAction","target":{"@type":"EntryPoint","urlTemplate":"https:\/\/scorpioncouture.fr\/?s={search_term_string}"},"query-input":"required name=search_term_string"}],"inLanguage":"fr-FR"},{"@type":"Organization","@id":"https:\/\/scorpioncouture.fr\/#organization","name":"scorpion couture","url":"https:\/\/scorpioncouture.fr\/","logo":{"@type":"ImageObject","inLanguage":"fr-FR","@id":"https:\/\/scorpioncouture.fr\/#\/schema\/logo\/image\/","url":"https:\/\/scorpioncouture.fr\/wp-content\/uploads\/2023\/04\/cropped-Sans-titre.png","contentUrl":"https:\/\/scorpioncouture.fr\/wp-content\/uploads\/2023\/04\/cropped-Sans-titre.png","width":512,"height":512,"caption":"scorpion couture"},"image":{"@id":"https:\/\/scorpioncouture.fr\/#\/schema\/logo\/image\/"},"sameAs":["https:\/\/www.facebook.com\/profile.php?id=100090969084416"]}]}},"_links":{"self":[{"href":"https:\/\/scorpioncouture.fr\/index.php?rest_route=\/wp\/v2\/pages\/34"}],"collection":[{"href":"https:\/\/scorpioncouture.fr\/index.php?rest_route=\/wp\/v2\/pages"}],"about":[{"href":"https:\/\/scorpioncouture.fr\/index.php?rest_route=\/wp\/v2\/types\/page"}],"author":[{"embeddable":true,"href":"https:\/\/scorpioncouture.fr\/index.php?rest_route=\/wp\/v2\/users\/1"}],"replies":[{"embeddable":true,"href":"https:\/\/scorpioncouture.fr\/index.php?rest_route=%2Fwp%2Fv2%2Fcomments&post=34"}],"version-history":[{"count":8,"href":"https:\/\/scorpioncouture.fr\/index.php?rest_route=\/wp\/v2\/pages\/34\/revisions"}],"predecessor-version":[{"id":1080,"href":"https:\/\/scorpioncouture.fr\/index.php?rest_route=\/wp\/v2\/pages\/34\/revisions\/1080"}],"wp:attachment":[{"href":"https:\/\/scorpioncouture.fr\/index.php?rest_route=%2Fwp%2Fv2%2Fmedia&parent=34"}],"curies":[{"name":"wp","href":"https:\/\/api.w.org\/{rel}","templated":true}]}}