{"id":32,"date":"2023-03-09T19:23:53","date_gmt":"2023-03-09T19:23:53","guid":{"rendered":"http:\/\/scorpioncouture.local\/?page_id=13"},"modified":"2023-04-05T10:13:07","modified_gmt":"2023-04-05T08:13:07","slug":"a-propos","status":"publish","type":"page","link":"https:\/\/scorpioncouture.fr\/?page_id=32","title":{"rendered":"A propos"},"content":{"rendered":"\t\t<div data-elementor-type=\"wp-page\" data-elementor-id=\"32\" class=\"elementor elementor-32\">\n\t\t\t\t\t\t\t\t\t<section class=\"elementor-section elementor-top-section elementor-element elementor-element-28ac936 elementor-section-boxed elementor-section-height-default elementor-section-height-default\" data-id=\"28ac936\" data-element_type=\"section\">\n\t\t\t\t\t\t<div class=\"elementor-container elementor-column-gap-default\">\n\t\t\t\t\t<div class=\"elementor-column elementor-col-50 elementor-top-column elementor-element elementor-element-7959d79\" data-id=\"7959d79\" data-element_type=\"column\">\n\t\t\t<div class=\"elementor-widget-wrap elementor-element-populated\">\n\t\t\t\t\t\t\t\t<div class=\"elementor-element elementor-element-59d2eb6 elementor-widget elementor-widget-heading\" data-id=\"59d2eb6\" data-element_type=\"widget\" data-widget_type=\"heading.default\">\n\t\t\t\t<div class=\"elementor-widget-container\">\n\t\t\t<style>\/*! elementor - v3.16.0 - 13-09-2023 *\/\n.elementor-heading-title{padding:0;margin:0;line-height:1}.elementor-widget-heading .elementor-heading-title[class*=elementor-size-]>a{color:inherit;font-size:inherit;line-height:inherit}.elementor-widget-heading .elementor-heading-title.elementor-size-small{font-size:15px}.elementor-widget-heading .elementor-heading-title.elementor-size-medium{font-size:19px}.elementor-widget-heading .elementor-heading-title.elementor-size-large{font-size:29px}.elementor-widget-heading .elementor-heading-title.elementor-size-xl{font-size:39px}.elementor-widget-heading .elementor-heading-title.elementor-size-xxl{font-size:59px}<\/style><h2 class=\"elementor-heading-title elementor-size-default\">Scorpion Couture<\/h2>\t\t<\/div>\n\t\t\t\t<\/div>\n\t\t\t\t<div class=\"elementor-element elementor-element-96761c1 elementor-widget elementor-widget-text-editor\" data-id=\"96761c1\" data-element_type=\"widget\" data-widget_type=\"text-editor.default\">\n\t\t\t\t<div class=\"elementor-widget-container\">\n\t\t\t<style>\/*! elementor - v3.16.0 - 13-09-2023 *\/\n.elementor-widget-text-editor.elementor-drop-cap-view-stacked .elementor-drop-cap{background-color:#69727d;color:#fff}.elementor-widget-text-editor.elementor-drop-cap-view-framed .elementor-drop-cap{color:#69727d;border:3px solid;background-color:transparent}.elementor-widget-text-editor:not(.elementor-drop-cap-view-default) .elementor-drop-cap{margin-top:8px}.elementor-widget-text-editor:not(.elementor-drop-cap-view-default) .elementor-drop-cap-letter{width:1em;height:1em}.elementor-widget-text-editor .elementor-drop-cap{float:left;text-align:center;line-height:1;font-size:50px}.elementor-widget-text-editor .elementor-drop-cap-letter{display:inline-block}<\/style>\t\t\t\t<p>Bonjour,<\/p>\n<p>moi c&rsquo;est Marion. J&rsquo;ai 35 ans, je suis mari\u00e9e et maman de deux enfants.<\/p>\n<p>J&rsquo;ai travaill\u00e9 pendant douze ans dans le social, principalement aupr\u00e8s d&rsquo;enfants et jeunes adultes ayant tous leurs particularit\u00e9s (autisme, d\u00e9ficience intellectuelle ou encore troubles du comportement).<\/p>\n<p>Pendant tout ce temps ma passion me d\u00e9vorait : l&rsquo;Art de la Couture!&nbsp;<\/p>\n<p>Alors en 2022 j&rsquo;ai obtenu mon CAP M\u00e9tiers de la Mode v\u00eatements flous.<\/p>\n<p>2023 marque le lancement de mon entreprise : Scorpion Couture.<\/p>\n<p>A travers ma passion je pourrai vous accompagner et vous conseiller.<\/p>\n<p>N&rsquo;h\u00e9sitez pas \u00e0 me contacter pour que je vienne \u00e0 votre rencontre parler de vos envies de couture.<\/p>\n<p><\/p>\t\t\t\t\t\t<\/div>\n\t\t\t\t<\/div>\n\t\t\t\t\t<\/div>\n\t\t<\/div>\n\t\t\t\t<div class=\"elementor-column elementor-col-50 elementor-top-column elementor-element elementor-element-3c71496\" data-id=\"3c71496\" data-element_type=\"column\">\n\t\t\t<div class=\"elementor-widget-wrap elementor-element-populated\">\n\t\t\t\t\t\t\t\t<div class=\"elementor-element elementor-element-24e011b elementor-widget-tablet__width-initial elementor-widget elementor-widget-image\" data-id=\"24e011b\" data-element_type=\"widget\" data-widget_type=\"image.default\">\n\t\t\t\t<div class=\"elementor-widget-container\">\n\t\t\t<style>\/*! elementor - v3.16.0 - 13-09-2023 *\/\n.elementor-widget-image{text-align:center}.elementor-widget-image a{display:inline-block}.elementor-widget-image a img[src$=\".svg\"]{width:48px}.elementor-widget-image img{vertical-align:middle;display:inline-block}<\/style>\t\t\t\t\t\t\t\t\t\t\t\t<img decoding=\"async\" width=\"591\" height=\"812\" src=\"https:\/\/scorpioncouture.fr\/wp-content\/uploads\/2023\/04\/Snapchat-1934280228-e1680635847501.jpg\" class=\"attachment-large size-large wp-image-776\" alt=\"\" loading=\"lazy\" srcset=\"https:\/\/scorpioncouture.fr\/wp-content\/uploads\/2023\/04\/Snapchat-1934280228-e1680635847501.jpg 591w, https:\/\/scorpioncouture.fr\/wp-content\/uploads\/2023\/04\/Snapchat-1934280228-e1680635847501-218x300.jpg 218w\" sizes=\"(max-width: 591px) 100vw, 591px\" \/>\t\t\t\t\t\t\t\t\t\t\t\t\t\t\t<\/div>\n\t\t\t\t<\/div>\n\t\t\t\t<div class=\"elementor-element elementor-element-240d0cd elementor-align-center elementor-widget elementor-widget-button\" data-id=\"240d0cd\" data-element_type=\"widget\" data-widget_type=\"button.default\">\n\t\t\t\t<div class=\"elementor-widget-container\">\n\t\t\t\t\t<div class=\"elementor-button-wrapper\">\n\t\t\t<a class=\"elementor-button elementor-button-link elementor-size-md\" href=\"https:\/\/scorpioncouture.fr\/?page_id=33\">\n\t\t\t\t\t\t<span class=\"elementor-button-content-wrapper\">\n\t\t\t\t\t\t<span class=\"elementor-button-icon elementor-align-icon-left\">\n\t\t\t\t<i aria-hidden=\"true\" class=\"far fa-comments\"><\/i>\t\t\t<\/span>\n\t\t\t\t\t\t<span class=\"elementor-button-text\">Contactez moi<\/span>\n\t\t<\/span>\n\t\t\t\t\t<\/a>\n\t\t<\/div>\n\t\t\t\t<\/div>\n\t\t\t\t<\/div>\n\t\t\t\t\t<\/div>\n\t\t<\/div>\n\t\t\t\t\t\t\t<\/div>\n\t\t<\/section>\n\t\t\t\t\t\t\t<\/div>\n\t\t","protected":false},"excerpt":{"rendered":"<p>Scorpion Couture Bonjour, moi c&rsquo;est Marion. J&rsquo;ai 35 ans, je suis mari\u00e9e et maman de deux enfants. J&rsquo;ai travaill\u00e9 pendant douze ans dans le social, principalement aupr\u00e8s d&rsquo;enfants et jeunes adultes ayant tous leurs particularit\u00e9s (autisme, d\u00e9ficience intellectuelle ou encore troubles du comportement). Pendant tout ce temps ma passion me d\u00e9vorait : l&rsquo;Art de la [&hellip;]<\/p>\n","protected":false},"author":1,"featured_media":0,"parent":0,"menu_order":0,"comment_status":"closed","ping_status":"closed","template":"","meta":{"om_disable_all_campaigns":false,"_monsterinsights_skip_tracking":false,"_monsterinsights_sitenote_active":false,"_monsterinsights_sitenote_note":"","_monsterinsights_sitenote_category":0},"yoast_head":"<!-- This site is optimized with the Yoast SEO plugin v21.1 - https:\/\/yoast.com\/wordpress\/plugins\/seo\/ -->\n<title>A propos - scorpioncouture.fr<\/title>\n<meta name=\"robots\" content=\"index, follow, max-snippet:-1, max-image-preview:large, max-video-preview:-1\" \/>\n<link rel=\"canonical\" href=\"https:\/\/scorpioncouture.fr\/?page_id=32\" \/>\n<meta property=\"og:locale\" content=\"fr_FR\" \/>\n<meta property=\"og:type\" content=\"article\" \/>\n<meta property=\"og:title\" content=\"A propos - scorpioncouture.fr\" \/>\n<meta property=\"og:description\" content=\"Scorpion Couture Bonjour, moi c&rsquo;est Marion. J&rsquo;ai 35 ans, je suis mari\u00e9e et maman de deux enfants. J&rsquo;ai travaill\u00e9 pendant douze ans dans le social, principalement aupr\u00e8s d&rsquo;enfants et jeunes adultes ayant tous leurs particularit\u00e9s (autisme, d\u00e9ficience intellectuelle ou encore troubles du comportement). Pendant tout ce temps ma passion me d\u00e9vorait : l&rsquo;Art de la [&hellip;]\" \/>\n<meta property=\"og:url\" content=\"https:\/\/scorpioncouture.fr\/?page_id=32\" \/>\n<meta property=\"og:site_name\" content=\"scorpioncouture.fr\" \/>\n<meta property=\"article:publisher\" content=\"https:\/\/www.facebook.com\/profile.php?id=100090969084416\" \/>\n<meta property=\"article:modified_time\" content=\"2023-04-05T08:13:07+00:00\" \/>\n<meta property=\"og:image\" content=\"http:\/\/scorpioncouture.fr\/wp-content\/uploads\/2023\/04\/Snapchat-1934280228-e1680635847501.jpg\" \/>\n<meta name=\"twitter:card\" content=\"summary_large_image\" \/>\n<meta name=\"twitter:label1\" content=\"Dur\u00e9e de lecture estim\u00e9e\" \/>\n\t<meta name=\"twitter:data1\" content=\"1 minute\" \/>\n<script type=\"application\/ld+json\" class=\"yoast-schema-graph\">{\"@context\":\"https:\/\/schema.org\",\"@graph\":[{\"@type\":\"WebPage\",\"@id\":\"https:\/\/scorpioncouture.fr\/?page_id=32\",\"url\":\"https:\/\/scorpioncouture.fr\/?page_id=32\",\"name\":\"A propos - scorpioncouture.fr\",\"isPartOf\":{\"@id\":\"https:\/\/scorpioncouture.fr\/#website\"},\"datePublished\":\"2023-03-09T19:23:53+00:00\",\"dateModified\":\"2023-04-05T08:13:07+00:00\",\"breadcrumb\":{\"@id\":\"https:\/\/scorpioncouture.fr\/?page_id=32#breadcrumb\"},\"inLanguage\":\"fr-FR\",\"potentialAction\":[{\"@type\":\"ReadAction\",\"target\":[\"https:\/\/scorpioncouture.fr\/?page_id=32\"]}]},{\"@type\":\"BreadcrumbList\",\"@id\":\"https:\/\/scorpioncouture.fr\/?page_id=32#breadcrumb\",\"itemListElement\":[{\"@type\":\"ListItem\",\"position\":1,\"name\":\"Accueil\",\"item\":\"https:\/\/scorpioncouture.fr\/\"},{\"@type\":\"ListItem\",\"position\":2,\"name\":\"A propos\"}]},{\"@type\":\"WebSite\",\"@id\":\"https:\/\/scorpioncouture.fr\/#website\",\"url\":\"https:\/\/scorpioncouture.fr\/\",\"name\":\"scorpioncouture.fr\",\"description\":\"\",\"publisher\":{\"@id\":\"https:\/\/scorpioncouture.fr\/#organization\"},\"potentialAction\":[{\"@type\":\"SearchAction\",\"target\":{\"@type\":\"EntryPoint\",\"urlTemplate\":\"https:\/\/scorpioncouture.fr\/?s={search_term_string}\"},\"query-input\":\"required name=search_term_string\"}],\"inLanguage\":\"fr-FR\"},{\"@type\":\"Organization\",\"@id\":\"https:\/\/scorpioncouture.fr\/#organization\",\"name\":\"scorpion couture\",\"url\":\"https:\/\/scorpioncouture.fr\/\",\"logo\":{\"@type\":\"ImageObject\",\"inLanguage\":\"fr-FR\",\"@id\":\"https:\/\/scorpioncouture.fr\/#\/schema\/logo\/image\/\",\"url\":\"https:\/\/scorpioncouture.fr\/wp-content\/uploads\/2023\/04\/cropped-Sans-titre.png\",\"contentUrl\":\"https:\/\/scorpioncouture.fr\/wp-content\/uploads\/2023\/04\/cropped-Sans-titre.png\",\"width\":512,\"height\":512,\"caption\":\"scorpion couture\"},\"image\":{\"@id\":\"https:\/\/scorpioncouture.fr\/#\/schema\/logo\/image\/\"},\"sameAs\":[\"https:\/\/www.facebook.com\/profile.php?id=100090969084416\"]}]}<\/script>\n<!-- \/ Yoast SEO plugin. -->","yoast_head_json":{"title":"A propos - scorpioncouture.fr","robots":{"index":"index","follow":"follow","max-snippet":"max-snippet:-1","max-image-preview":"max-image-preview:large","max-video-preview":"max-video-preview:-1"},"canonical":"https:\/\/scorpioncouture.fr\/?page_id=32","og_locale":"fr_FR","og_type":"article","og_title":"A propos - scorpioncouture.fr","og_description":"Scorpion Couture Bonjour, moi c&rsquo;est Marion. J&rsquo;ai 35 ans, je suis mari\u00e9e et maman de deux enfants. J&rsquo;ai travaill\u00e9 pendant douze ans dans le social, principalement aupr\u00e8s d&rsquo;enfants et jeunes adultes ayant tous leurs particularit\u00e9s (autisme, d\u00e9ficience intellectuelle ou encore troubles du comportement). Pendant tout ce temps ma passion me d\u00e9vorait : l&rsquo;Art de la [&hellip;]","og_url":"https:\/\/scorpioncouture.fr\/?page_id=32","og_site_name":"scorpioncouture.fr","article_publisher":"https:\/\/www.facebook.com\/profile.php?id=100090969084416","article_modified_time":"2023-04-05T08:13:07+00:00","og_image":[{"url":"http:\/\/scorpioncouture.fr\/wp-content\/uploads\/2023\/04\/Snapchat-1934280228-e1680635847501.jpg"}],"twitter_card":"summary_large_image","twitter_misc":{"Dur\u00e9e de lecture estim\u00e9e":"1 minute"},"schema":{"@context":"https:\/\/schema.org","@graph":[{"@type":"WebPage","@id":"https:\/\/scorpioncouture.fr\/?page_id=32","url":"https:\/\/scorpioncouture.fr\/?page_id=32","name":"A propos - scorpioncouture.fr","isPartOf":{"@id":"https:\/\/scorpioncouture.fr\/#website"},"datePublished":"2023-03-09T19:23:53+00:00","dateModified":"2023-04-05T08:13:07+00:00","breadcrumb":{"@id":"https:\/\/scorpioncouture.fr\/?page_id=32#breadcrumb"},"inLanguage":"fr-FR","potentialAction":[{"@type":"ReadAction","target":["https:\/\/scorpioncouture.fr\/?page_id=32"]}]},{"@type":"BreadcrumbList","@id":"https:\/\/scorpioncouture.fr\/?page_id=32#breadcrumb","itemListElement":[{"@type":"ListItem","position":1,"name":"Accueil","item":"https:\/\/scorpioncouture.fr\/"},{"@type":"ListItem","position":2,"name":"A propos"}]},{"@type":"WebSite","@id":"https:\/\/scorpioncouture.fr\/#website","url":"https:\/\/scorpioncouture.fr\/","name":"scorpioncouture.fr","description":"","publisher":{"@id":"https:\/\/scorpioncouture.fr\/#organization"},"potentialAction":[{"@type":"SearchAction","target":{"@type":"EntryPoint","urlTemplate":"https:\/\/scorpioncouture.fr\/?s={search_term_string}"},"query-input":"required name=search_term_string"}],"inLanguage":"fr-FR"},{"@type":"Organization","@id":"https:\/\/scorpioncouture.fr\/#organization","name":"scorpion couture","url":"https:\/\/scorpioncouture.fr\/","logo":{"@type":"ImageObject","inLanguage":"fr-FR","@id":"https:\/\/scorpioncouture.fr\/#\/schema\/logo\/image\/","url":"https:\/\/scorpioncouture.fr\/wp-content\/uploads\/2023\/04\/cropped-Sans-titre.png","contentUrl":"https:\/\/scorpioncouture.fr\/wp-content\/uploads\/2023\/04\/cropped-Sans-titre.png","width":512,"height":512,"caption":"scorpion couture"},"image":{"@id":"https:\/\/scorpioncouture.fr\/#\/schema\/logo\/image\/"},"sameAs":["https:\/\/www.facebook.com\/profile.php?id=100090969084416"]}]}},"_links":{"self":[{"href":"https:\/\/scorpioncouture.fr\/index.php?rest_route=\/wp\/v2\/pages\/32"}],"collection":[{"href":"https:\/\/scorpioncouture.fr\/index.php?rest_route=\/wp\/v2\/pages"}],"about":[{"href":"https:\/\/scorpioncouture.fr\/index.php?rest_route=\/wp\/v2\/types\/page"}],"author":[{"embeddable":true,"href":"https:\/\/scorpioncouture.fr\/index.php?rest_route=\/wp\/v2\/users\/1"}],"replies":[{"embeddable":true,"href":"https:\/\/scorpioncouture.fr\/index.php?rest_route=%2Fwp%2Fv2%2Fcomments&post=32"}],"version-history":[{"count":15,"href":"https:\/\/scorpioncouture.fr\/index.php?rest_route=\/wp\/v2\/pages\/32\/revisions"}],"predecessor-version":[{"id":958,"href":"https:\/\/scorpioncouture.fr\/index.php?rest_route=\/wp\/v2\/pages\/32\/revisions\/958"}],"wp:attachment":[{"href":"https:\/\/scorpioncouture.fr\/index.php?rest_route=%2Fwp%2Fv2%2Fmedia&parent=32"}],"curies":[{"name":"wp","href":"https:\/\/api.w.org\/{rel}","templated":true}]}}